{"id":806,"date":"2024-12-04T14:20:02","date_gmt":"2024-12-04T14:20:02","guid":{"rendered":"https:\/\/altitudefc.com\/?page_id=806"},"modified":"2024-12-04T14:20:03","modified_gmt":"2024-12-04T14:20:03","slug":"reussir-dans-sa-mission-dencadrement","status":"publish","type":"page","link":"https:\/\/altitudefc.com\/index.php\/reussir-dans-sa-mission-dencadrement\/","title":{"rendered":"R\u00e9ussir dans sa Mission d\u2019Encadrement"},"content":{"rendered":"<p>[et_pb_section fb_built=\u00a0\u00bb1&Prime; _builder_version=\u00a0\u00bb4.27.4&Prime; _module_preset=\u00a0\u00bbdefault\u00a0\u00bb global_colors_info=\u00a0\u00bb{}\u00a0\u00bb theme_builder_area=\u00a0\u00bbpost_content\u00a0\u00bb][et_pb_row _builder_version=\u00a0\u00bb4.27.4&Prime; _module_preset=\u00a0\u00bbdefault\u00a0\u00bb global_colors_info=\u00a0\u00bb{}\u00a0\u00bb theme_builder_area=\u00a0\u00bbpost_content\u00a0\u00bb column_structure=\u00a0\u00bb2_5,3_5&Prime;][et_pb_column type=\u00a0\u00bb2_5&Prime; _builder_version=\u00a0\u00bb4.27.4&Prime; _module_preset=\u00a0\u00bbdefault\u00a0\u00bb global_colors_info=\u00a0\u00bb{}\u00a0\u00bb theme_builder_area=\u00a0\u00bbpost_content\u00a0\u00bb][et_pb_image src=\u00a0\u00bbhttps:\/\/altitudefc.com\/wp-content\/uploads\/2024\/12\/encadrement.jpg\u00a0\u00bb title_text=\u00a0\u00bbencadrement\u00a0\u00bb align=\u00a0\u00bbcenter\u00a0\u00bb _builder_version=\u00a0\u00bb4.27.4&Prime; _module_preset=\u00a0\u00bbdefault\u00a0\u00bb hover_enabled=\u00a0\u00bb0&Prime; global_colors_info=\u00a0\u00bb{}\u00a0\u00bb theme_builder_area=\u00a0\u00bbpost_content\u00a0\u00bb sticky_enabled=\u00a0\u00bb0&Prime;][\/et_pb_image][\/et_pb_column][et_pb_column type=\u00a0\u00bb3_5&Prime; _builder_version=\u00a0\u00bb4.27.4&Prime; _module_preset=\u00a0\u00bbdefault\u00a0\u00bb global_colors_info=\u00a0\u00bb{}\u00a0\u00bb theme_builder_area=\u00a0\u00bbpost_content\u00a0\u00bb][et_pb_text _builder_version=\u00a0\u00bb4.27.4&Prime; _module_preset=\u00a0\u00bbdefault\u00a0\u00bb global_colors_info=\u00a0\u00bb{}\u00a0\u00bb theme_builder_area=\u00a0\u00bbpost_content\u00a0\u00bb]<\/p>\n<p><span>L\u2019encadrement de proximit\u00e9 joue un r\u00f4le essentiel de relais de la strat\u00e9gie et des orientations aupr\u00e8s du personnel. Par cons\u00e9quent, r\u00e9ussir dans sa fonction d\u2019encadrement d\u2019\u00e9quipe constitue un enjeu important.<\/span><br \/><span>Cette formation pr\u00e9sente les \u00e9tapes et les outils pour aider les nouveaux responsables \u00e0 passer d\u2019une logique d\u2019expert \u00e0 une logique de manager et assumer rapidement leurs nouvelles fonctions.<\/span><\/p>\n<p>[\/et_pb_text][\/et_pb_column][\/et_pb_row][et_pb_row column_structure=\u00a0\u00bb1_3,1_3,1_3&Prime; _builder_version=\u00a0\u00bb4.27.4&Prime; _module_preset=\u00a0\u00bbdefault\u00a0\u00bb global_colors_info=\u00a0\u00bb{}\u00a0\u00bb theme_builder_area=\u00a0\u00bbpost_content\u00a0\u00bb][et_pb_column type=\u00a0\u00bb1_3&Prime; _builder_version=\u00a0\u00bb4.27.4&Prime; _module_preset=\u00a0\u00bbdefault\u00a0\u00bb global_colors_info=\u00a0\u00bb{}\u00a0\u00bb theme_builder_area=\u00a0\u00bbpost_content\u00a0\u00bb][et_pb_text _builder_version=\u00a0\u00bb4.27.4&Prime; _module_preset=\u00a0\u00bbdefault\u00a0\u00bb global_colors_info=\u00a0\u00bb{}\u00a0\u00bb theme_builder_area=\u00a0\u00bbpost_content\u00a0\u00bb]<\/p>\n<h3>Objectifs<\/h3>\n<p>Objectifs g\u00e9n\u00e9raux\u00a0de la formation :<br \/>&#8211; D\u00e9velopper les bons r\u00e9flexes afin d\u2019am\u00e9liorer son management au quotidien face aux situations du travail,<br \/>&#8211; Optimiser son temps, am\u00e9liorer son efficacit\u00e9, anticiper, g\u00e9rer les projets, s\u2019inscrire dans une dimension collective.<\/p>\n<p>Les stagiaires\u00a0de retour en situation professionnelle devront pouvoir :<br \/>&#8211; D\u00e9finir leur mode de management en ad\u00e9quation avec leur personnalit\u00e9 et l\u2019\u00e9quipe.<br \/>&#8211; Renforcer leur leadership en d\u00e9veloppant une communication efficace.<br \/>&#8211; Ma\u00eetriser les r\u00e8gles d\u2019animation et de motivation d\u2019\u00e9quipe.<br \/>&#8211; Organiser leurs temps en fonction de leur charge de travail et de leurs priorit\u00e9s.<br \/>&#8211; Anticiper et planifier l\u2019activit\u00e9 de leurs collaborateurs de mani\u00e8re r\u00e9aliste.<br \/>&#8211; Etre disponible vis-\u00e0-vis de leurs collaborateurs et de leur hi\u00e9rarchie tout en ma\u00eetrisant mieux l\u2019utilisation de leur temps.<br \/>&#8211; G\u00e9rer les situations de tension.<\/p>\n<p>[\/et_pb_text][\/et_pb_column][et_pb_column type=\u00a0\u00bb1_3&Prime; _builder_version=\u00a0\u00bb4.27.4&Prime; _module_preset=\u00a0\u00bbdefault\u00a0\u00bb global_colors_info=\u00a0\u00bb{}\u00a0\u00bb theme_builder_area=\u00a0\u00bbpost_content\u00a0\u00bb][et_pb_text _builder_version=\u00a0\u00bb4.27.4&Prime; _module_preset=\u00a0\u00bbdefault\u00a0\u00bb locked=\u00a0\u00bboff\u00a0\u00bb global_colors_info=\u00a0\u00bb{}\u00a0\u00bb theme_builder_area=\u00a0\u00bbpost_content\u00a0\u00bb]<\/p>\n<h3>Contenu<\/h3>\n<p>&#8211; Clarifier son r\u00f4le et ses responsabilit\u00e9s,<br \/>&#8211; Les diff\u00e9rents styles de management d\u2019\u00e9quipe,<br \/>&#8211; Conna\u00eetre les r\u00e8gles de base de communication,<br \/>&#8211; Echanger des informations avec ses collaborateurs et sa hi\u00e9rarchie,<br \/>&#8211; D\u00e9velopper ses comp\u00e9tences de communicateur,<br \/>&#8211; L\u2019\u00e9valuation de ses collaborateurs,<br \/>&#8211; Diagnostiquer et intervenir dans les situations les plus difficiles.<\/p>\n<p><b>Options destin\u00e9es aux managers :<\/b><\/p>\n<p>&#8211; Evaluer ses collaborateurs<br \/>&#8211; Accompagner ses collaborateurs<br \/>&#8211; Capitaliser sur l\u2019exp\u00e9rience<\/p>\n<p>[\/et_pb_text][\/et_pb_column][et_pb_column type=\u00a0\u00bb1_3&Prime; _builder_version=\u00a0\u00bb4.27.4&Prime; _module_preset=\u00a0\u00bbdefault\u00a0\u00bb global_colors_info=\u00a0\u00bb{}\u00a0\u00bb theme_builder_area=\u00a0\u00bbpost_content\u00a0\u00bb][et_pb_text _builder_version=\u00a0\u00bb4.27.4&Prime; _module_preset=\u00a0\u00bbdefault\u00a0\u00bb global_colors_info=\u00a0\u00bb{}\u00a0\u00bb theme_builder_area=\u00a0\u00bbpost_content\u00a0\u00bb]<\/p>\n<h3>Modalit\u00e9s d\u2019acc\u00e8s<\/h3>\n<h5>Constitution des groupes :<\/h5>\n<p>&#8211; En INTRA : Groupe de 12 personnes maximum. Formation possible dans vos locaux (nous consulter)<br \/>D\u00e9lais d\u2019acc\u00e8s : en fonction des disponibilit\u00e9s des collaborateurs et du consultant-formateur<br \/>&#8211; En INTER : la formation sera mise en place sous r\u00e9serve d\u2019atteindre un quota de 8 participants minimum par groupe (formation dans les locaux d\u2019ALTITUDE)<br \/>D\u00e9lais d\u2019acc\u00e8s :\u00a0en fonction des disponibilit\u00e9s du consultant-formateur et sous r\u00e9serve d\u2019atteindre le quota de participants<br \/>&#8211; Formule personnalis\u00e9e &#8211;\u00a0D\u00e9lais d\u2019acc\u00e8s : en fonction des disponibilit\u00e9s du demandeur et de celles du consultant-formateur<\/p>\n<p>[\/et_pb_text][\/et_pb_column][\/et_pb_row][et_pb_row column_structure=\u00a0\u00bb1_3,1_3,1_3&Prime; _builder_version=\u00a0\u00bb4.27.4&Prime; _module_preset=\u00a0\u00bbdefault\u00a0\u00bb global_colors_info=\u00a0\u00bb{}\u00a0\u00bb theme_builder_area=\u00a0\u00bbpost_content\u00a0\u00bb][et_pb_column type=\u00a0\u00bb1_3&Prime; _builder_version=\u00a0\u00bb4.27.4&Prime; _module_preset=\u00a0\u00bbdefault\u00a0\u00bb global_colors_info=\u00a0\u00bb{}\u00a0\u00bb theme_builder_area=\u00a0\u00bbpost_content\u00a0\u00bb][et_pb_text _builder_version=\u00a0\u00bb4.27.4&Prime; _module_preset=\u00a0\u00bbdefault\u00a0\u00bb global_colors_info=\u00a0\u00bb{}\u00a0\u00bb theme_builder_area=\u00a0\u00bbpost_content\u00a0\u00bb]<\/p>\n<h3>Dur\u00e9e<\/h3>\n<p>5 jours soit 35 heures s\u00e9quenc\u00e9es dans le temps.<\/p>\n<p>Am\u00e9nagement des 5 journ\u00e9es en fonction des disponibilit\u00e9s des participants\u00a0:<br \/>&#8211; Les 3 premiers jours de formation seront consacr\u00e9s \u00e0 l\u2019apport th\u00e9orique, \u00e0 l\u2019\u00e9laboration personnalis\u00e9e de supports et d\u2019outils d\u2019animation, d\u2019organisation et de feedback, ainsi qu\u2019\u00e0 des mises en situations pratiques. Le formateur d\u2019ALTITUDE apportera \u00e0 cette fin, un panel d\u2019outils adaptables par chaque stagiaire.<br \/>&#8211; La quatri\u00e8me journ\u00e9e marque l\u2019\u00e9valuation et la validation des acquis concernant la premi\u00e8re phase. Elle portera \u00e9galement sur l\u2019organisation du travail et la structuration du temps au sein d\u2019un service.<br \/>&#8211; La cinqui\u00e8me et derni\u00e8re journ\u00e9e sera consacr\u00e9e \u00e0 la gestion des situations d\u00e9licates ainsi qu\u2019\u00e0 la mise en commun de l\u2019exp\u00e9rience des stagiaires et \u00e0 l\u2019approfondissement des notions ayant pos\u00e9 le plus de difficult\u00e9.<br \/>&#8211; Un d\u00e9lai de mise en application est laiss\u00e9 aux stagiaires, entre chaque sessions, afin de tirer profit des sessions suivantes.<\/p>\n<p>[\/et_pb_text][\/et_pb_column][et_pb_column type=\u00a0\u00bb1_3&Prime; _builder_version=\u00a0\u00bb4.27.4&Prime; _module_preset=\u00a0\u00bbdefault\u00a0\u00bb global_colors_info=\u00a0\u00bb{}\u00a0\u00bb theme_builder_area=\u00a0\u00bbpost_content\u00a0\u00bb][et_pb_text _builder_version=\u00a0\u00bb4.27.4&Prime; _module_preset=\u00a0\u00bbdefault\u00a0\u00bb locked=\u00a0\u00bboff\u00a0\u00bb global_colors_info=\u00a0\u00bb{}\u00a0\u00bb theme_builder_area=\u00a0\u00bbpost_content\u00a0\u00bb]<\/p>\n<h3>Pr\u00e9requis<\/h3>\n<p>Cette formation ne n\u00e9cessite pas de pr\u00e9requis<\/p>\n<p>[\/et_pb_text][\/et_pb_column][et_pb_column type=\u00a0\u00bb1_3&Prime; _builder_version=\u00a0\u00bb4.27.4&Prime; _module_preset=\u00a0\u00bbdefault\u00a0\u00bb global_colors_info=\u00a0\u00bb{}\u00a0\u00bb theme_builder_area=\u00a0\u00bbpost_content\u00a0\u00bb][et_pb_text _builder_version=\u00a0\u00bb4.27.4&Prime; _module_preset=\u00a0\u00bbdefault\u00a0\u00bb global_colors_info=\u00a0\u00bb{}\u00a0\u00bb theme_builder_area=\u00a0\u00bbpost_content\u00a0\u00bb]<\/p>\n<h3>Cible<\/h3>\n<p>L\u2019encadrement de proximit\u00e9, cadres op\u00e9rationnels<\/p>\n<p>[\/et_pb_text][\/et_pb_column][\/et_pb_row][et_pb_row _builder_version=\u00a0\u00bb4.27.4&Prime; _module_preset=\u00a0\u00bbdefault\u00a0\u00bb global_colors_info=\u00a0\u00bb{}\u00a0\u00bb theme_builder_area=\u00a0\u00bbpost_content\u00a0\u00bb][et_pb_column type=\u00a0\u00bb4_4&Prime; _builder_version=\u00a0\u00bb4.27.4&Prime; _module_preset=\u00a0\u00bbdefault\u00a0\u00bb global_colors_info=\u00a0\u00bb{}\u00a0\u00bb theme_builder_area=\u00a0\u00bbpost_content\u00a0\u00bb][et_pb_text _builder_version=\u00a0\u00bb4.27.4&Prime; _module_preset=\u00a0\u00bbdefault\u00a0\u00bb global_colors_info=\u00a0\u00bb{}\u00a0\u00bb theme_builder_area=\u00a0\u00bbpost_content\u00a0\u00bb]<\/p>\n<h1>Modalit\u00e9s, moyens et m\u00e9thodes mobilis\u00e9es et modalit\u00e9s d\u2019\u00e9valuation :<\/h1>\n<p>[\/et_pb_text][\/et_pb_column][\/et_pb_row][et_pb_row column_structure=\u00a0\u00bb1_3,1_3,1_3&Prime; _builder_version=\u00a0\u00bb4.27.4&Prime; _module_preset=\u00a0\u00bbdefault\u00a0\u00bb global_colors_info=\u00a0\u00bb{}\u00a0\u00bb theme_builder_area=\u00a0\u00bbpost_content\u00a0\u00bb][et_pb_column type=\u00a0\u00bb1_3&Prime; _builder_version=\u00a0\u00bb4.27.4&Prime; _module_preset=\u00a0\u00bbdefault\u00a0\u00bb global_colors_info=\u00a0\u00bb{}\u00a0\u00bb theme_builder_area=\u00a0\u00bbpost_content\u00a0\u00bb][et_pb_text _builder_version=\u00a0\u00bb4.27.4&Prime; _module_preset=\u00a0\u00bbdefault\u00a0\u00bb global_colors_info=\u00a0\u00bb{}\u00a0\u00bb theme_builder_area=\u00a0\u00bbpost_content\u00a0\u00bb]<\/p>\n<h3><strong>Moyens p\u00e9dagogiques et techniques :<\/strong><\/h3>\n<p>&#8211; Accueil des stagiaires dans une salle d\u00e9di\u00e9e \u00e0 la formation.<br \/>&#8211; Les apports th\u00e9oriques sont suivis de mises en pratique.<br \/>&#8211; Jeux ludiques \u00e0 vis\u00e9e p\u00e9dagogique<br \/>&#8211; Tests, Quiz en salle<br \/>&#8211; Autodiagnostics<br \/>&#8211; Evaluations<br \/>&#8211; Brainstorming<br \/>&#8211; Exercices de cr\u00e9ativit\u00e9<br \/>&#8211; Travail en sous groupe<br \/>&#8211; Transmission par courrier \u00e9lectronique de documents supports \u00e0 la suite de la formation.<\/p>\n<p>[\/et_pb_text][\/et_pb_column][et_pb_column type=\u00a0\u00bb1_3&Prime; _builder_version=\u00a0\u00bb4.27.4&Prime; _module_preset=\u00a0\u00bbdefault\u00a0\u00bb global_colors_info=\u00a0\u00bb{}\u00a0\u00bb theme_builder_area=\u00a0\u00bbpost_content\u00a0\u00bb][et_pb_text _builder_version=\u00a0\u00bb4.27.4&Prime; _module_preset=\u00a0\u00bbdefault\u00a0\u00bb locked=\u00a0\u00bboff\u00a0\u00bb global_colors_info=\u00a0\u00bb{}\u00a0\u00bb theme_builder_area=\u00a0\u00bbpost_content\u00a0\u00bb]<\/p>\n<h3><b>Dispositif de suivi de l\u2019ex\u00e9cution et d\u2019\u00e9valuation des r\u00e9sultats de la formation :<\/b><\/h3>\n<p>&#8211; Feuilles de pr\u00e9sence,<br \/>&#8211; Formulaire d\u2019\u00e9valuation de la formation,<br \/>&#8211; QUIZ, jeux, jeux de r\u00f4le, QCM etc\u2026 en cours de formation<\/p>\n<p>[\/et_pb_text][\/et_pb_column][et_pb_column type=\u00a0\u00bb1_3&Prime; _builder_version=\u00a0\u00bb4.27.4&Prime; _module_preset=\u00a0\u00bbdefault\u00a0\u00bb global_colors_info=\u00a0\u00bb{}\u00a0\u00bb theme_builder_area=\u00a0\u00bbpost_content\u00a0\u00bb][et_pb_text _builder_version=\u00a0\u00bb4.27.4&Prime; _module_preset=\u00a0\u00bbdefault\u00a0\u00bb global_colors_info=\u00a0\u00bb{}\u00a0\u00bb theme_builder_area=\u00a0\u00bbpost_content\u00a0\u00bb]<\/p>\n<h3><b>Exemple de profil formateur :<\/b><\/h3>\n<ul>\n<li><b>Titres\u00a0:<\/b>\u00a0Ancien Chef de service communication, Responsable de reporting, Ancien Directeur de projet en organisation au groupe AXA, notamment en charge de la communication et de la mise en place de projets internationaux.<\/li>\n<li>Animation de s\u00e9minaires internationaux, de groupe de travail, de comit\u00e9s de pilotage.<\/li>\n<li><b>R\u00e9f\u00e9rences\u00a0:<\/b>\u00a030 ans d\u2019exp\u00e9rience de management fonctionnel ou\/et hi\u00e9rarchique et parall\u00e8lement 25 ans d\u2019exp\u00e9rience dans la formation dont 24 ans aux Antilles.<\/li>\n<li>Aujourd\u2019hui, se qualifie \u00ab\u00a0<b>d\u2019\u00e9claireur<\/b>\u00a0\u00bb d\u2019entreprise en mettant ses connaissances au service des entreprises sous plusieurs angles\u00a0:<\/li>\n<\/ul>\n<p>&#8211;\u00a0\u00a0\u00a0\u00a0 L\u2019Audit d\u2019organisation ou fonctionnel<br \/>&#8211;\u00a0\u00a0\u00a0\u00a0 Le Conseil et l\u2019accompagnement \u00e0 la r\u00e9alisation de projet<br \/>&#8211;\u00a0\u00a0\u00a0\u00a0 La Formation en management, communication\u2026<br \/>&#8211;\u00a0\u00a0\u00a0\u00a0 Le Coaching individuel ou collectif (d\u2019\u00e9quipe) en tant que Praticien coach certifi\u00e9 CT.<br \/>&#8211;\u00a0\u00a0\u00a0\u00a0 Master PNL<br \/>&#8211;\u00a0\u00a0\u00a0\u00a0 Certifi\u00e9e AFAQ coach professionnel ISO 17024\u00a0:2008<br \/>&#8211;\u00a0\u00a0\u00a0\u00a0 Form\u00e9e \u00e0 l\u2019enn\u00e9agramme, GTS, AT \u2026<br \/>&#8211;\u00a0\u00a0\u00a0\u00a0 Certifi\u00e9e et agr\u00e9e formateur PROCESS COM<br \/>&#8211;\u00a0\u00a0\u00a0\u00a0 Certifi\u00e9e et agr\u00e9\u00e9e Coach PROCESS COM.<br \/>&#8211;\u00a0\u00a0\u00a0\u00a0 Praticien en Psychologie Positive au travail<br \/>&#8211;\u00a0\u00a0\u00a0\u00a0 Praticien en Appr\u00e9ciative Inquiry<\/p>\n<p>[\/et_pb_text][\/et_pb_column][\/et_pb_row][et_pb_row column_structure=\u00a0\u00bb3_4,1_4&Prime; _builder_version=\u00a0\u00bb4.27.4&Prime; _module_preset=\u00a0\u00bbdefault\u00a0\u00bb custom_padding=\u00a0\u00bb11px|17px|11px|17px|true|true\u00a0\u00bb border_width_all=\u00a0\u00bb1px\u00a0\u00bb border_color_all=\u00a0\u00bbrgba(0,0,0,0.12)\u00a0\u00bb global_colors_info=\u00a0\u00bb{}\u00a0\u00bb theme_builder_area=\u00a0\u00bbpost_content\u00a0\u00bb][et_pb_column type=\u00a0\u00bb3_4&Prime; _builder_version=\u00a0\u00bb4.27.4&Prime; _module_preset=\u00a0\u00bbdefault\u00a0\u00bb global_colors_info=\u00a0\u00bb{}\u00a0\u00bb theme_builder_area=\u00a0\u00bbpost_content\u00a0\u00bb][et_pb_text _builder_version=\u00a0\u00bb4.27.4&Prime; _module_preset=\u00a0\u00bbdefault\u00a0\u00bb global_colors_info=\u00a0\u00bb{}\u00a0\u00bb theme_builder_area=\u00a0\u00bbpost_content\u00a0\u00bb]<\/p>\n<h2>Notre \u00e9quipe est \u00e0 votre disposition pour r\u00e9pondre \u00e0 toute autre question au sujet de ces formations.<\/h2>\n<p>[\/et_pb_text][\/et_pb_column][et_pb_column type=\u00a0\u00bb1_4&Prime; _builder_version=\u00a0\u00bb4.27.4&Prime; _module_preset=\u00a0\u00bbdefault\u00a0\u00bb global_colors_info=\u00a0\u00bb{}\u00a0\u00bb theme_builder_area=\u00a0\u00bbpost_content\u00a0\u00bb][et_pb_button button_url=\u00a0\u00bbhttps:\/\/altitudefc.com\/index.php\/contact\u00a0\u00bb button_text=\u00a0\u00bbCONTACTEZ-NOUS\u00a0\u00bb button_alignment=\u00a0\u00bbcenter\u00a0\u00bb _builder_version=\u00a0\u00bb4.27.4&Prime; _module_preset=\u00a0\u00bbdefault\u00a0\u00bb custom_button=\u00a0\u00bbon\u00a0\u00bb button_text_size=\u00a0\u00bb17px\u00a0\u00bb button_text_color=\u00a0\u00bb#FFFFFF\u00a0\u00bb button_bg_color=\u00a0\u00bb#b51dd3&Prime; button_border_radius=\u00a0\u00bb13px\u00a0\u00bb custom_margin=\u00a0\u00bb14px||||false|false\u00a0\u00bb global_colors_info=\u00a0\u00bb{}\u00a0\u00bb theme_builder_area=\u00a0\u00bbpost_content\u00a0\u00bb][\/et_pb_button][\/et_pb_column][\/et_pb_row][\/et_pb_section]<\/p>\n","protected":false},"excerpt":{"rendered":"<p>L\u2019encadrement de proximit\u00e9 joue un r\u00f4le essentiel de relais de la strat\u00e9gie et des orientations aupr\u00e8s du personnel. Par cons\u00e9quent, r\u00e9ussir dans sa fonction d\u2019encadrement d\u2019\u00e9quipe constitue un enjeu important.Cette formation pr\u00e9sente les \u00e9tapes et les outils pour aider les nouveaux responsables \u00e0 passer d\u2019une logique d\u2019expert \u00e0 une logique de manager et assumer rapidement [&hellip;]<\/p>\n","protected":false},"author":1,"featured_media":0,"parent":0,"menu_order":0,"comment_status":"closed","ping_status":"closed","template":"","meta":{"_et_pb_use_builder":"on","_et_pb_old_content":"","_et_gb_content_width":"","footnotes":""},"class_list":["post-806","page","type-page","status-publish","hentry"],"_links":{"self":[{"href":"https:\/\/altitudefc.com\/index.php\/wp-json\/wp\/v2\/pages\/806","targetHints":{"allow":["GET"]}}],"collection":[{"href":"https:\/\/altitudefc.com\/index.php\/wp-json\/wp\/v2\/pages"}],"about":[{"href":"https:\/\/altitudefc.com\/index.php\/wp-json\/wp\/v2\/types\/page"}],"author":[{"embeddable":true,"href":"https:\/\/altitudefc.com\/index.php\/wp-json\/wp\/v2\/users\/1"}],"replies":[{"embeddable":true,"href":"https:\/\/altitudefc.com\/index.php\/wp-json\/wp\/v2\/comments?post=806"}],"version-history":[{"count":2,"href":"https:\/\/altitudefc.com\/index.php\/wp-json\/wp\/v2\/pages\/806\/revisions"}],"predecessor-version":[{"id":809,"href":"https:\/\/altitudefc.com\/index.php\/wp-json\/wp\/v2\/pages\/806\/revisions\/809"}],"wp:attachment":[{"href":"https:\/\/altitudefc.com\/index.php\/wp-json\/wp\/v2\/media?parent=806"}],"curies":[{"name":"wp","href":"https:\/\/api.w.org\/{rel}","templated":true}]}}