{"id":758,"date":"2024-12-04T05:36:43","date_gmt":"2024-12-04T05:36:43","guid":{"rendered":"https:\/\/altitudefc.com\/?page_id=758"},"modified":"2026-03-19T16:08:04","modified_gmt":"2026-03-19T16:08:04","slug":"certificat-cpffp-accompagner-et-manager-avec-les-outils-du-coach","status":"publish","type":"page","link":"https:\/\/altitudefc.com\/index.php\/certificat-cpffp-accompagner-et-manager-avec-les-outils-du-coach\/","title":{"rendered":"Certificat Professionnel \u2013 Accompagner et manager avec les outils du Coach"},"content":{"rendered":"<p>[et_pb_section fb_built=\u00a0\u00bb1&Prime; _builder_version=\u00a0\u00bb4.27.4&Prime; _module_preset=\u00a0\u00bbdefault\u00a0\u00bb global_colors_info=\u00a0\u00bb{}\u00a0\u00bb][et_pb_row _builder_version=\u00a0\u00bb4.27.4&Prime; _module_preset=\u00a0\u00bbdefault\u00a0\u00bb global_colors_info=\u00a0\u00bb{}\u00a0\u00bb][et_pb_column type=\u00a0\u00bb4_4&Prime; _builder_version=\u00a0\u00bb4.27.4&Prime; _module_preset=\u00a0\u00bbdefault\u00a0\u00bb global_colors_info=\u00a0\u00bb{}\u00a0\u00bb][et_pb_text _builder_version=\u00a0\u00bb4.27.4&Prime; _module_preset=\u00a0\u00bbdefault\u00a0\u00bb global_colors_info=\u00a0\u00bb{}\u00a0\u00bb]<\/p>\n<h2>Dur\u00e9e :<\/h2>\n<p>La dur\u00e9e globale est de 204 heures<\/p>\n<h2>Objectifs :<\/h2>\n<p>&#8211; Devenir un facilitateur de d\u00e9cision.<br \/>&#8211; Accompagner aux changements.<br \/>&#8211; Acqu\u00e9rir les comp\u00e9tences n\u00e9cessaires \u00e0 la pratique fiable et performante de l\u2019accompagnement professionnel individuel et d\u2019\u00e9quipe sur le plan d\u00e9ontologique, comportemental, m\u00e9thodologique et th\u00e9orique.<\/p>\n<h2><\/h2>\n<h2>Cible :<\/h2>\n<p>&#8211; Manageurs op\u00e9rationnels,<br \/>&#8211; DRH,<br \/>&#8211; Dirigeants de PME qui encadrent des collaborateurs en fonction hi\u00e9rarchique.<\/p>\n<h2>Pr\u00e9-requis et \u00e9valuation de positionnement :<\/h2>\n<p><strong><em>Pr\u00e9requis :<\/em><\/strong><br \/>Exp\u00e9rience professionnelle dans une activit\u00e9 de management op\u00e9rationnel ou fonctionnel, ou prise de poste (nomination) en cours<\/p>\n<p><strong><em>S\u00e9lection sur\u00a0:<\/em><\/strong><br \/>&#8211; Un dossier d\u2019inscription, une lettre de motivation \u00e0 suivre cette formation accompagn\u00e9e d\u2019un CV<br \/>&#8211; Un entretien individuel pr\u00e9alable permet d\u2019\u00e9tudier chaque candidature.<\/p>\n<h2><\/h2>\n<h2>Profil du formateur :<\/h2>\n<p>Expert en management hi\u00e9rarchique et fonctionnel<\/p>\n<p>[\/et_pb_text][\/et_pb_column][\/et_pb_row][et_pb_row column_structure=\u00a0\u00bb3_4,1_4&Prime; _builder_version=\u00a0\u00bb4.27.4&Prime; _module_preset=\u00a0\u00bbdefault\u00a0\u00bb custom_padding=\u00a0\u00bb11px|17px|11px|17px|true|true\u00a0\u00bb border_width_all=\u00a0\u00bb1px\u00a0\u00bb border_color_all=\u00a0\u00bbrgba(0,0,0,0.12)\u00a0\u00bb global_colors_info=\u00a0\u00bb{}\u00a0\u00bb][et_pb_column type=\u00a0\u00bb3_4&Prime; _builder_version=\u00a0\u00bb4.27.4&Prime; _module_preset=\u00a0\u00bbdefault\u00a0\u00bb global_colors_info=\u00a0\u00bb{}\u00a0\u00bb][et_pb_text _builder_version=\u00a0\u00bb4.27.4&Prime; _module_preset=\u00a0\u00bbdefault\u00a0\u00bb global_colors_info=\u00a0\u00bb{}\u00a0\u00bb]<\/p>\n<h2>Nous avons 1 promotion par an en interentreprises.<\/h2>\n<h2>Vous souhaitez obtenir plus d\u2019informations sur cette formation, obtenir un devis, d\u00e9couvrir les solutions de financement ? Notre \u00e9quipe est \u00e0 votre disposition !<\/h2>\n<p>[\/et_pb_text][\/et_pb_column][et_pb_column type=\u00a0\u00bb1_4&Prime; _builder_version=\u00a0\u00bb4.27.4&Prime; _module_preset=\u00a0\u00bbdefault\u00a0\u00bb global_colors_info=\u00a0\u00bb{}\u00a0\u00bb][et_pb_button button_url=\u00a0\u00bbhttps:\/\/altitudefc.com\/index.php\/contact\u00a0\u00bb button_text=\u00a0\u00bbCONTACTEZ-NOUS\u00a0\u00bb button_alignment=\u00a0\u00bbcenter\u00a0\u00bb _builder_version=\u00a0\u00bb4.27.4&Prime; _module_preset=\u00a0\u00bbdefault\u00a0\u00bb custom_button=\u00a0\u00bbon\u00a0\u00bb button_text_size=\u00a0\u00bb17px\u00a0\u00bb button_text_color=\u00a0\u00bb#FFFFFF\u00a0\u00bb button_bg_color=\u00a0\u00bb#b51dd3&Prime; button_border_radius=\u00a0\u00bb13px\u00a0\u00bb custom_margin=\u00a0\u00bb30px||||false|false\u00a0\u00bb global_colors_info=\u00a0\u00bb{}\u00a0\u00bb][\/et_pb_button][\/et_pb_column][\/et_pb_row][et_pb_row _builder_version=\u00a0\u00bb4.27.4&Prime; _module_preset=\u00a0\u00bbdefault\u00a0\u00bb global_colors_info=\u00a0\u00bb{}\u00a0\u00bb][et_pb_column type=\u00a0\u00bb4_4&Prime; _builder_version=\u00a0\u00bb4.27.4&Prime; _module_preset=\u00a0\u00bbdefault\u00a0\u00bb global_colors_info=\u00a0\u00bb{}\u00a0\u00bb][et_pb_text _builder_version=\u00a0\u00bb4.27.4&Prime; _module_preset=\u00a0\u00bbdefault\u00a0\u00bb global_colors_info=\u00a0\u00bb{}\u00a0\u00bb]<\/p>\n<h2>Contenu :<\/h2>\n<p>&#8211; Module 1 : Coaching individuel\u00a0:<br \/>Comprendre l\u2019approche coaching<br \/>&#8211; Module 2 : Coaching individuel approfondissement\u00a0:<br \/>Mobiliser ses comp\u00e9tences d\u2019observation, d\u2019\u00e9coute, de questionnement<br \/>&#8211; Module 3 : Outils du Coach\u00a0:<br \/>Int\u00e9grer des outils du coach \u00e0 ses pratiques manag\u00e9riales ou\/et d\u2019accompagnement<br \/>&#8211; Module 4 : Coaching d\u2019\u00e9quipe\u00a0:<br \/>Int\u00e9grer des outils de coaching d\u2019\u00e9quipe dans ses pratiques manag\u00e9riales ou\/et d\u2019accompagnement<br \/>&#8211; Module 5 : Mise en perspective de son identit\u00e9 de Manager coach\u00a0:<br \/>Renforcer sa s\u00e9curit\u00e9 ontologique par le travail d\u2019identit\u00e9<br \/>&#8211; Module 6 : Pr\u00e9paration \u00e0 la certification\u00a0:<br \/>Revoir les fondamentaux et pr\u00e9paration \u00e0 la certification<br \/>&#8211; Module 7 : Certification<\/p>\n<h2>M\u00e9thodes p\u00e9dagogiques :<\/h2>\n<p>&#8211; 112 heures de formation en pr\u00e9sentiel<br \/>&#8211;\u00a04 heures de coaching individuel pour les Managers Coachs en entretien en t\u00eate \u00e0 t\u00eate avec un des intervenants coachs<br \/>&#8211;\u00a0Travaux pratiques supervis\u00e9s en groupe de pairs<br \/>&#8211; Travail personnel dirig\u00e9 (autoformation accompagn\u00e9e\u00a0: 88 heures estim\u00e9es) en FOAD<\/p>\n<p><em><strong>Moyens mat\u00e9riels\u00a0:<\/strong><\/em><br \/>Nos salles sont modulables et toutes \u00e9quip\u00e9es d\u2019ordinateurs portables, de paperboards num\u00e9riques, de cam\u00e9scope, etc\u2026<\/p>\n<h2><\/h2>\n<h2>Dispositif de suivi de l\u2019ex\u00e9cution et d\u2019\u00e9valuation des r\u00e9sultats de la formation :<\/h2>\n<p><b><\/b>LE DEROULEMENT DU CERTIFICAT :<\/p>\n<p><strong>Modalit\u00e9 1 \u2013 Pr\u00e9sentation orale devant le jury<\/strong><br \/>Le candidat pr\u00e9sente son contexte et poste actuel, ses exp\u00e9riences pass\u00e9es ayant contribu\u00e9es \u00e0 son d\u00e9veloppement et son projet professionnel devant le jury.<\/p>\n<p><strong>Modalit\u00e9 2 \u2013 Dossier individuel<\/strong><br \/>Le candidat r\u00e9dige 3 comptes-rendus d\u2019accompagnement individuel ou\/et d\u2019\u00e9quipe et son cadre d\u2019 intervention.<\/p>\n<p><strong>Modalit\u00e9 3 \u2013 Mise en situation<\/strong><br \/>Le candidat r\u00e9alise un entretien en situation r\u00e9elle et le d\u00e9briefe devant le jury<\/p>\n<p><strong>Modalit\u00e9 4 \u2013 Echanges avec le jury<\/strong><\/p>\n<p>\u00c0 l\u2019issue de l\u2019\u00e9preuve, les r\u00e9sultats sont communiqu\u00e9s par la pr\u00e9sidente du jury de mani\u00e8re individuelle au candidat, le jour m\u00eame de la session d\u2019examen.<\/p>\n<h2>Constitution des groupes :<\/h2>\n<p>&#8211; En INTRA : Groupe de 12 personnes maximum. Formation possible dans vos locaux (nous consulter)<br \/>D\u00e9lais d\u2019acc\u00e8s : en fonction des disponibilit\u00e9s des collaborateurs et du consultant-formateur<br \/>&#8211; En INTER : la formation sera mise en place sous r\u00e9serve d\u2019atteindre un quota de 8 participants minimum par groupe (formation dans les locaux d\u2019ALTITUDE)<br \/>D\u00e9lais d\u2019acc\u00e8s :\u00a0en fonction des disponibilit\u00e9s du consultant-formateur et sous r\u00e9serve d\u2019atteindre le quota de participants<\/p>\n<p>[\/et_pb_text][\/et_pb_column][\/et_pb_row][et_pb_row column_structure=\u00a0\u00bb3_4,1_4&Prime; _builder_version=\u00a0\u00bb4.27.4&Prime; _module_preset=\u00a0\u00bbdefault\u00a0\u00bb custom_padding=\u00a0\u00bb11px|17px|11px|17px|true|true\u00a0\u00bb border_width_all=\u00a0\u00bb1px\u00a0\u00bb border_color_all=\u00a0\u00bbrgba(0,0,0,0.12)\u00a0\u00bb global_colors_info=\u00a0\u00bb{}\u00a0\u00bb][et_pb_column type=\u00a0\u00bb3_4&Prime; _builder_version=\u00a0\u00bb4.27.4&Prime; _module_preset=\u00a0\u00bbdefault\u00a0\u00bb global_colors_info=\u00a0\u00bb{}\u00a0\u00bb][et_pb_text _builder_version=\u00a0\u00bb4.27.4&Prime; _module_preset=\u00a0\u00bbdefault\u00a0\u00bb global_colors_info=\u00a0\u00bb{}\u00a0\u00bb]<\/p>\n<h2>Nous avons 1 promotion par an en interentreprises.<\/h2>\n<h2>Vous souhaitez obtenir plus d\u2019informations sur cette formation, obtenir un devis, d\u00e9couvrir les solutions de financement ? Notre \u00e9quipe est \u00e0 votre disposition !<\/h2>\n<p>[\/et_pb_text][\/et_pb_column][et_pb_column type=\u00a0\u00bb1_4&Prime; _builder_version=\u00a0\u00bb4.27.4&Prime; _module_preset=\u00a0\u00bbdefault\u00a0\u00bb global_colors_info=\u00a0\u00bb{}\u00a0\u00bb][et_pb_button button_url=\u00a0\u00bbhttps:\/\/altitudefc.com\/index.php\/contact\u00a0\u00bb button_text=\u00a0\u00bbCONTACTEZ-NOUS\u00a0\u00bb button_alignment=\u00a0\u00bbcenter\u00a0\u00bb _builder_version=\u00a0\u00bb4.27.4&Prime; _module_preset=\u00a0\u00bbdefault\u00a0\u00bb custom_button=\u00a0\u00bbon\u00a0\u00bb button_text_size=\u00a0\u00bb17px\u00a0\u00bb button_text_color=\u00a0\u00bb#FFFFFF\u00a0\u00bb button_bg_color=\u00a0\u00bb#b51dd3&Prime; button_border_radius=\u00a0\u00bb13px\u00a0\u00bb custom_margin=\u00a0\u00bb33px||||false|false\u00a0\u00bb global_colors_info=\u00a0\u00bb{}\u00a0\u00bb][\/et_pb_button][\/et_pb_column][\/et_pb_row][\/et_pb_section]<\/p>\n","protected":false},"excerpt":{"rendered":"<p>Dur\u00e9e : La dur\u00e9e globale est de 204 heures Objectifs : &#8211; Devenir un facilitateur de d\u00e9cision.- Accompagner aux changements.- Acqu\u00e9rir les comp\u00e9tences n\u00e9cessaires \u00e0 la pratique fiable et performante de l\u2019accompagnement professionnel individuel et d\u2019\u00e9quipe sur le plan d\u00e9ontologique, comportemental, m\u00e9thodologique et th\u00e9orique. Cible : &#8211; Manageurs op\u00e9rationnels,- DRH,- Dirigeants de PME qui encadrent [&hellip;]<\/p>\n","protected":false},"author":1,"featured_media":0,"parent":0,"menu_order":0,"comment_status":"closed","ping_status":"closed","template":"","meta":{"_et_pb_use_builder":"on","_et_pb_old_content":"","_et_gb_content_width":"","footnotes":""},"class_list":["post-758","page","type-page","status-publish","hentry"],"_links":{"self":[{"href":"https:\/\/altitudefc.com\/index.php\/wp-json\/wp\/v2\/pages\/758","targetHints":{"allow":["GET"]}}],"collection":[{"href":"https:\/\/altitudefc.com\/index.php\/wp-json\/wp\/v2\/pages"}],"about":[{"href":"https:\/\/altitudefc.com\/index.php\/wp-json\/wp\/v2\/types\/page"}],"author":[{"embeddable":true,"href":"https:\/\/altitudefc.com\/index.php\/wp-json\/wp\/v2\/users\/1"}],"replies":[{"embeddable":true,"href":"https:\/\/altitudefc.com\/index.php\/wp-json\/wp\/v2\/comments?post=758"}],"version-history":[{"count":4,"href":"https:\/\/altitudefc.com\/index.php\/wp-json\/wp\/v2\/pages\/758\/revisions"}],"predecessor-version":[{"id":1161,"href":"https:\/\/altitudefc.com\/index.php\/wp-json\/wp\/v2\/pages\/758\/revisions\/1161"}],"wp:attachment":[{"href":"https:\/\/altitudefc.com\/index.php\/wp-json\/wp\/v2\/media?parent=758"}],"curies":[{"name":"wp","href":"https:\/\/api.w.org\/{rel}","templated":true}]}}