{"id":753,"date":"2024-12-04T05:19:35","date_gmt":"2024-12-04T05:19:35","guid":{"rendered":"https:\/\/altitudefc.com\/?page_id=753"},"modified":"2026-03-19T16:09:13","modified_gmt":"2026-03-19T16:09:13","slug":"certificat-cpffp-manager-une-equipe-de-proximite","status":"publish","type":"page","link":"https:\/\/altitudefc.com\/index.php\/certificat-cpffp-manager-une-equipe-de-proximite\/","title":{"rendered":"Certificat Professionnel Manager une \u00e9quipe de proximit\u00e9"},"content":{"rendered":"<p>[et_pb_section fb_built=\u00a0\u00bb1&Prime; _builder_version=\u00a0\u00bb4.27.4&Prime; _module_preset=\u00a0\u00bbdefault\u00a0\u00bb global_colors_info=\u00a0\u00bb{}\u00a0\u00bb][et_pb_row _builder_version=\u00a0\u00bb4.27.4&Prime; _module_preset=\u00a0\u00bbdefault\u00a0\u00bb global_colors_info=\u00a0\u00bb{}\u00a0\u00bb][et_pb_column type=\u00a0\u00bb4_4&Prime; _builder_version=\u00a0\u00bb4.27.4&Prime; _module_preset=\u00a0\u00bbdefault\u00a0\u00bb global_colors_info=\u00a0\u00bb{}\u00a0\u00bb][et_pb_image src=\u00a0\u00bbhttps:\/\/altitudefc.com\/wp-content\/uploads\/2024\/12\/Logo-mon-compte-formation.png\u00a0\u00bb title_text=\u00a0\u00bbLogo-mon-compte-formation\u00a0\u00bb align=\u00a0\u00bbcenter\u00a0\u00bb _builder_version=\u00a0\u00bb4.27.4&Prime; _module_preset=\u00a0\u00bbdefault\u00a0\u00bb global_colors_info=\u00a0\u00bb{}\u00a0\u00bb][\/et_pb_image][\/et_pb_column][\/et_pb_row][et_pb_row _builder_version=\u00a0\u00bb4.27.4&Prime; _module_preset=\u00a0\u00bbdefault\u00a0\u00bb global_colors_info=\u00a0\u00bb{}\u00a0\u00bb][et_pb_column type=\u00a0\u00bb4_4&Prime; _builder_version=\u00a0\u00bb4.27.4&Prime; _module_preset=\u00a0\u00bbdefault\u00a0\u00bb global_colors_info=\u00a0\u00bb{}\u00a0\u00bb][et_pb_image src=\u00a0\u00bbhttps:\/\/altitudefc.com\/wp-content\/uploads\/2026\/02\/camembert_bilan_global_HD-scaled.jpg\u00a0\u00bb title_text=\u00a0\u00bbcamembert_bilan_global_HD\u00a0\u00bb src_last_edited=\u00a0\u00bboff|desktop\u00a0\u00bb _builder_version=\u00a0\u00bb4.27.4&Prime; _module_preset=\u00a0\u00bbdefault\u00a0\u00bb width=\u00a0\u00bb71%\u00a0\u00bb max_width=\u00a0\u00bb100%\u00a0\u00bb module_alignment=\u00a0\u00bbright\u00a0\u00bb min_height=\u00a0\u00bb570px\u00a0\u00bb height=\u00a0\u00bb366px\u00a0\u00bb max_height=\u00a0\u00bb375px\u00a0\u00bb global_colors_info=\u00a0\u00bb{}\u00a0\u00bb src__hover_enabled=\u00a0\u00bboff|desktop\u00a0\u00bb][\/et_pb_image][\/et_pb_column][\/et_pb_row][et_pb_row _builder_version=\u00a0\u00bb4.27.4&Prime; _module_preset=\u00a0\u00bbdefault\u00a0\u00bb custom_padding=\u00a0\u00bb16px|||||\u00a0\u00bb global_colors_info=\u00a0\u00bb{}\u00a0\u00bb][et_pb_column type=\u00a0\u00bb4_4&Prime; _builder_version=\u00a0\u00bb4.27.4&Prime; _module_preset=\u00a0\u00bbdefault\u00a0\u00bb global_colors_info=\u00a0\u00bb{}\u00a0\u00bb][et_pb_text _builder_version=\u00a0\u00bb4.27.4&Prime; _module_preset=\u00a0\u00bbdefault\u00a0\u00bb custom_padding=\u00a0\u00bb0px|||||\u00a0\u00bb global_colors_info=\u00a0\u00bb{}\u00a0\u00bb]<\/p>\n<h2>Certificat \u00e9ligible au CPF, inscrit depuis le 9 f\u00e9vrier 2024 au R\u00e9pertoire Sp\u00e9cifique (RS) sous le num\u00e9ro RS 6522<\/h2>\n<h2>Organisme Certificateur : ALTITUDE<\/h2>\n<p>[\/et_pb_text][\/et_pb_column][\/et_pb_row][et_pb_row _builder_version=\u00a0\u00bb4.27.4&Prime; _module_preset=\u00a0\u00bbdefault\u00a0\u00bb global_colors_info=\u00a0\u00bb{}\u00a0\u00bb][et_pb_column type=\u00a0\u00bb4_4&Prime; _builder_version=\u00a0\u00bb4.27.4&Prime; _module_preset=\u00a0\u00bbdefault\u00a0\u00bb global_colors_info=\u00a0\u00bb{}\u00a0\u00bb][et_pb_text _builder_version=\u00a0\u00bb4.27.4&Prime; _module_preset=\u00a0\u00bbdefault\u00a0\u00bb global_colors_info=\u00a0\u00bb{}\u00a0\u00bb]<\/p>\n<h2>Dur\u00e9e :<\/h2>\n<p>La dur\u00e9e globale est de 132 heures<\/p>\n<h2>Objectifs :<\/h2>\n<p>&#8211; Int\u00e9grer les comp\u00e9tences manag\u00e9riales requises dans la posture de manageur de proximit\u00e9<br \/>&#8211; Ma\u00eetriser les outils fondamentaux th\u00e9oriques et pratiques du manageur professionnel dans le respect du droit du travail et de la culture de l\u2019organisation priv\u00e9e ou publique<br \/>&#8211; Animer l\u2019\u00e9quipe au quotidien pour atteindre les objectifs<\/p>\n<h2><\/h2>\n<h2>Cible :<\/h2>\n<p>Manageurs op\u00e9rationnels ou\/et fonctionnels, majoritairement issus de la promotion interne, en prise de poste ou non, exer\u00e7ant dans tous les domaines d\u2019activit\u00e9 manag\u00e9riale (industrie, commerce, h\u00f4tellerie, tertiaire, agriculture, b\u00e2timent \u2026)<\/p>\n<h2>Pr\u00e9-requis et \u00e9valuation de positionnement :<\/h2>\n<p><strong><em>Pr\u00e9requis :<\/em><\/strong><br \/>Exp\u00e9rience professionnelle dans une activit\u00e9 de management op\u00e9rationnel ou fonctionnel, ou prise de poste (nomination) en cours<\/p>\n<p><strong><em>S\u00e9lection sur\u00a0:<\/em><\/strong><br \/>&#8211; Un dossier d\u2019inscription, une lettre de motivation \u00e0 suivre cette formation accompagn\u00e9e d\u2019un CV<br \/>&#8211; Un entretien individuel pr\u00e9alable permet d\u2019\u00e9tudier chaque candidature.<\/p>\n<h2><\/h2>\n<h2>Profil du formateur :<\/h2>\n<p>Expert en management hi\u00e9rarchique et fonctionnel<\/p>\n<p>[\/et_pb_text][\/et_pb_column][\/et_pb_row][et_pb_row column_structure=\u00a0\u00bb3_4,1_4&Prime; _builder_version=\u00a0\u00bb4.27.4&Prime; _module_preset=\u00a0\u00bbdefault\u00a0\u00bb custom_padding=\u00a0\u00bb11px|17px|11px|17px|true|true\u00a0\u00bb border_width_all=\u00a0\u00bb1px\u00a0\u00bb border_color_all=\u00a0\u00bbrgba(0,0,0,0.12)\u00a0\u00bb global_colors_info=\u00a0\u00bb{}\u00a0\u00bb][et_pb_column type=\u00a0\u00bb3_4&Prime; _builder_version=\u00a0\u00bb4.27.4&Prime; _module_preset=\u00a0\u00bbdefault\u00a0\u00bb global_colors_info=\u00a0\u00bb{}\u00a0\u00bb][et_pb_text _builder_version=\u00a0\u00bb4.27.4&Prime; _module_preset=\u00a0\u00bbdefault\u00a0\u00bb global_colors_info=\u00a0\u00bb{}\u00a0\u00bb]<\/p>\n<h2>Nous avons 2 promotions par an en interentreprises.<\/h2>\n<h2>Vous souhaitez obtenir plus d\u2019informations sur cette formation, obtenir un devis, d\u00e9couvrir les solutions de financement ? Notre \u00e9quipe est \u00e0 votre disposition !<\/h2>\n<p>[\/et_pb_text][\/et_pb_column][et_pb_column type=\u00a0\u00bb1_4&Prime; _builder_version=\u00a0\u00bb4.27.4&Prime; _module_preset=\u00a0\u00bbdefault\u00a0\u00bb global_colors_info=\u00a0\u00bb{}\u00a0\u00bb][et_pb_button button_url=\u00a0\u00bbhttps:\/\/altitudefc.com\/index.php\/contact\u00a0\u00bb button_text=\u00a0\u00bbCONTACTEZ-NOUS\u00a0\u00bb button_alignment=\u00a0\u00bbcenter\u00a0\u00bb _builder_version=\u00a0\u00bb4.27.4&Prime; _module_preset=\u00a0\u00bbdefault\u00a0\u00bb custom_button=\u00a0\u00bbon\u00a0\u00bb button_text_size=\u00a0\u00bb17px\u00a0\u00bb button_text_color=\u00a0\u00bb#FFFFFF\u00a0\u00bb button_bg_color=\u00a0\u00bb#b51dd3&Prime; button_border_radius=\u00a0\u00bb13px\u00a0\u00bb custom_margin=\u00a0\u00bb38px||||false|false\u00a0\u00bb global_colors_info=\u00a0\u00bb{}\u00a0\u00bb][\/et_pb_button][\/et_pb_column][\/et_pb_row][et_pb_row _builder_version=\u00a0\u00bb4.27.4&Prime; _module_preset=\u00a0\u00bbdefault\u00a0\u00bb global_colors_info=\u00a0\u00bb{}\u00a0\u00bb][et_pb_column type=\u00a0\u00bb4_4&Prime; _builder_version=\u00a0\u00bb4.27.4&Prime; _module_preset=\u00a0\u00bbdefault\u00a0\u00bb global_colors_info=\u00a0\u00bb{}\u00a0\u00bb][et_pb_text _builder_version=\u00a0\u00bb4.27.4&Prime; _module_preset=\u00a0\u00bbdefault\u00a0\u00bb global_colors_info=\u00a0\u00bb{}\u00a0\u00bb]<\/p>\n<h2>Contenu :<\/h2>\n<p>&#8211; Module 1\u00a0&#8211; Management d\u2019\u00e9quipe :<br \/>Comprendre le fonctionnement d\u2019une \u00e9quipe et cr\u00e9er une dynamique<br \/>&#8211; Module 2\u00a0&#8211; Management d\u2019individus :<br \/>Adopter une posture de manageur et adapter son management \u00e0 chacun<br \/>&#8211; Module 3\u00a0&#8211; La communication et la gestion des conflits :<br \/>D\u00e9velopper son aisance relationnelle et r\u00e9soudre les conflits<br \/>&#8211; Module 4\u00a0&#8211; Piloter efficacement un projet :<br \/>Int\u00e9grer les fondamentaux, les diff\u00e9rentes dimensions d\u2019un projet<br \/>&#8211; Module 5\u00a0&#8211; Gestion du temps et du stress :<br \/>Mettre en place des outils pour mieux g\u00e9rer le temps et le stress<br \/>&#8211; Module 6\u00a0&#8211; Animation de r\u00e9union \u2013 pr\u00e9paration \u00e0 la certification :<br \/>Se pr\u00e9parer, animer des r\u00e9unions et obtenir l\u2019implication des participants\u00a0\u2013 pr\u00e9paration \u00e0 la certification<br \/>&#8211; Module 7\u00a0: Certification<\/p>\n<h2>M\u00e9thodes p\u00e9dagogiques :<\/h2>\n<p>&#8211; 6 modules 2 jours + 2 jours de certification<br \/>&#8211; 98 heures de formation en pr\u00e9sentiel<br \/>&#8211; 4 heures d\u2019accompagnement personnalis\u00e9 en t\u00eate \u00e0 t\u00eate pour la conception du projet et la pr\u00e9paration \u00e0 la soutenance.<br \/>&#8211; Travail personnel dirig\u00e9 (autoformation accompagn\u00e9e\u00a0: 30 heures estim\u00e9es) en FOAD<\/p>\n<p><em><strong>Moyens mat\u00e9riels\u00a0:<\/strong><\/em><br \/>Nos salles sont modulables et toutes \u00e9quip\u00e9es d\u2019ordinateurs portables, de paperboards num\u00e9riques, de cam\u00e9scope, etc\u2026<\/p>\n<h2><\/h2>\n<h2>Dispositif de suivi de l\u2019ex\u00e9cution et d\u2019\u00e9valuation des r\u00e9sultats de la formation :<\/h2>\n<p><b><\/b>LE DEROULEMENT DU CERTIFICAT :<br \/><b>\u2013 Pr\u00e9sentation d\u2019un dossier individuel<\/b><br \/><b>\u2013 Echanges avec le jury<\/b><\/p>\n<p>\u00c0 l\u2019issue de l\u2019\u00e9preuve, les r\u00e9sultats sont communiqu\u00e9s par la pr\u00e9sidente du jury de mani\u00e8re individuelle au candidat, le jour m\u00eame de la session d\u2019examen.<\/p>\n<h2>Constitution des groupes :<\/h2>\n<p>&#8211; En INTRA : Groupe de 12 personnes maximum. Formation possible dans vos locaux (nous consulter)<br \/>D\u00e9lais d\u2019acc\u00e8s : en fonction des disponibilit\u00e9s des collaborateurs et du consultant-formateur<br \/>&#8211; En INTER : la formation sera mise en place sous r\u00e9serve d\u2019atteindre un quota de 8 participants minimum par groupe (formation dans les locaux d\u2019ALTITUDE)<br \/>D\u00e9lais d\u2019acc\u00e8s :\u00a0en fonction des disponibilit\u00e9s du consultant-formateur et sous r\u00e9serve d\u2019atteindre le quota de participants<\/p>\n<p>[\/et_pb_text][\/et_pb_column][\/et_pb_row][et_pb_row column_structure=\u00a0\u00bb3_4,1_4&Prime; _builder_version=\u00a0\u00bb4.27.4&Prime; _module_preset=\u00a0\u00bbdefault\u00a0\u00bb custom_padding=\u00a0\u00bb11px|17px|11px|17px|true|true\u00a0\u00bb border_width_all=\u00a0\u00bb1px\u00a0\u00bb border_color_all=\u00a0\u00bbrgba(0,0,0,0.12)\u00a0\u00bb global_colors_info=\u00a0\u00bb{}\u00a0\u00bb][et_pb_column type=\u00a0\u00bb3_4&Prime; _builder_version=\u00a0\u00bb4.27.4&Prime; _module_preset=\u00a0\u00bbdefault\u00a0\u00bb global_colors_info=\u00a0\u00bb{}\u00a0\u00bb][et_pb_text _builder_version=\u00a0\u00bb4.27.4&Prime; _module_preset=\u00a0\u00bbdefault\u00a0\u00bb global_colors_info=\u00a0\u00bb{}\u00a0\u00bb]<\/p>\n<h2>Nous avons 2 promotions par an en interentreprises.<\/h2>\n<h2>Vous souhaitez obtenir plus d\u2019informations sur cette formation, obtenir un devis, d\u00e9couvrir les solutions de financement ? Notre \u00e9quipe est \u00e0 votre disposition !<\/h2>\n<p>[\/et_pb_text][\/et_pb_column][et_pb_column type=\u00a0\u00bb1_4&Prime; _builder_version=\u00a0\u00bb4.27.4&Prime; _module_preset=\u00a0\u00bbdefault\u00a0\u00bb global_colors_info=\u00a0\u00bb{}\u00a0\u00bb][et_pb_button button_url=\u00a0\u00bbhttps:\/\/altitudefc.com\/index.php\/contact\u00a0\u00bb button_text=\u00a0\u00bbCONTACTEZ-NOUS\u00a0\u00bb button_alignment=\u00a0\u00bbcenter\u00a0\u00bb _builder_version=\u00a0\u00bb4.27.4&Prime; _module_preset=\u00a0\u00bbdefault\u00a0\u00bb custom_button=\u00a0\u00bbon\u00a0\u00bb button_text_size=\u00a0\u00bb17px\u00a0\u00bb button_text_color=\u00a0\u00bb#FFFFFF\u00a0\u00bb button_bg_color=\u00a0\u00bb#b51dd3&Prime; button_border_radius=\u00a0\u00bb13px\u00a0\u00bb custom_margin=\u00a0\u00bb38px||||false|false\u00a0\u00bb global_colors_info=\u00a0\u00bb{}\u00a0\u00bb][\/et_pb_button][\/et_pb_column][\/et_pb_row][\/et_pb_section]<\/p>\n","protected":false},"excerpt":{"rendered":"<p>Certificat \u00e9ligible au CPF, inscrit depuis le 9 f\u00e9vrier 2024 au R\u00e9pertoire Sp\u00e9cifique (RS) sous le num\u00e9ro RS 6522 Organisme Certificateur : ALTITUDEDur\u00e9e : La dur\u00e9e globale est de 132 heures Objectifs : &#8211; Int\u00e9grer les comp\u00e9tences manag\u00e9riales requises dans la posture de manageur de proximit\u00e9- Ma\u00eetriser les outils fondamentaux th\u00e9oriques et pratiques du manageur [&hellip;]<\/p>\n","protected":false},"author":1,"featured_media":0,"parent":0,"menu_order":0,"comment_status":"closed","ping_status":"closed","template":"","meta":{"_et_pb_use_builder":"on","_et_pb_old_content":"","_et_gb_content_width":"","footnotes":""},"class_list":["post-753","page","type-page","status-publish","hentry"],"_links":{"self":[{"href":"https:\/\/altitudefc.com\/index.php\/wp-json\/wp\/v2\/pages\/753","targetHints":{"allow":["GET"]}}],"collection":[{"href":"https:\/\/altitudefc.com\/index.php\/wp-json\/wp\/v2\/pages"}],"about":[{"href":"https:\/\/altitudefc.com\/index.php\/wp-json\/wp\/v2\/types\/page"}],"author":[{"embeddable":true,"href":"https:\/\/altitudefc.com\/index.php\/wp-json\/wp\/v2\/users\/1"}],"replies":[{"embeddable":true,"href":"https:\/\/altitudefc.com\/index.php\/wp-json\/wp\/v2\/comments?post=753"}],"version-history":[{"count":6,"href":"https:\/\/altitudefc.com\/index.php\/wp-json\/wp\/v2\/pages\/753\/revisions"}],"predecessor-version":[{"id":1163,"href":"https:\/\/altitudefc.com\/index.php\/wp-json\/wp\/v2\/pages\/753\/revisions\/1163"}],"wp:attachment":[{"href":"https:\/\/altitudefc.com\/index.php\/wp-json\/wp\/v2\/media?parent=753"}],"curies":[{"name":"wp","href":"https:\/\/api.w.org\/{rel}","templated":true}]}}