{"id":56,"date":"2024-11-26T18:21:50","date_gmt":"2024-11-26T18:21:50","guid":{"rendered":"https:\/\/altitudefc.com\/?page_id=56"},"modified":"2026-04-28T14:48:45","modified_gmt":"2026-04-28T14:48:45","slug":"conseil","status":"publish","type":"page","link":"https:\/\/altitudefc.com\/index.php\/conseil\/","title":{"rendered":"Le Conseil"},"content":{"rendered":"<p>[et_pb_section fb_built=\u00a0\u00bb1&Prime; _builder_version=\u00a0\u00bb4.27.4&Prime; _module_preset=\u00a0\u00bbdefault\u00a0\u00bb global_colors_info=\u00a0\u00bb{}\u00a0\u00bb][et_pb_row _builder_version=\u00a0\u00bb4.27.4&Prime; _module_preset=\u00a0\u00bbdefault\u00a0\u00bb custom_margin=\u00a0\u00bb-32px|auto||auto||\u00a0\u00bb global_colors_info=\u00a0\u00bb{}\u00a0\u00bb][et_pb_column type=\u00a0\u00bb4_4&Prime; _builder_version=\u00a0\u00bb4.27.4&Prime; _module_preset=\u00a0\u00bbdefault\u00a0\u00bb global_colors_info=\u00a0\u00bb{}\u00a0\u00bb][et_pb_text _builder_version=\u00a0\u00bb4.27.4&Prime; _module_preset=\u00a0\u00bbdefault\u00a0\u00bb hover_enabled=\u00a0\u00bb0&Prime; global_colors_info=\u00a0\u00bb{}\u00a0\u00bb sticky_enabled=\u00a0\u00bb0&Prime;]<\/p>\n<h2 style=\"text-align: center;\"><strong>Optimiser la r\u00e9ussite de votre entreprise<\/strong><\/h2>\n<p>[\/et_pb_text][\/et_pb_column][\/et_pb_row][et_pb_row column_structure=\u00a0\u00bb2_5,3_5&Prime; _builder_version=\u00a0\u00bb4.27.4&Prime; _module_preset=\u00a0\u00bbdefault\u00a0\u00bb hover_enabled=\u00a0\u00bb0&Prime; global_colors_info=\u00a0\u00bb{}\u00a0\u00bb sticky_enabled=\u00a0\u00bb0&Prime;][et_pb_column type=\u00a0\u00bb2_5&Prime; _builder_version=\u00a0\u00bb4.27.4&Prime; _module_preset=\u00a0\u00bbdefault\u00a0\u00bb global_colors_info=\u00a0\u00bb{}\u00a0\u00bb][et_pb_image src=\u00a0\u00bbhttps:\/\/altitudefc.com\/wp-content\/uploads\/2024\/12\/salle_altitude.jpg\u00a0\u00bb title_text=\u00a0\u00bbsalle_altitude\u00a0\u00bb _builder_version=\u00a0\u00bb4.27.4&Prime; _module_preset=\u00a0\u00bbdefault\u00a0\u00bb hover_enabled=\u00a0\u00bb0&Prime; global_colors_info=\u00a0\u00bb{}\u00a0\u00bb background_color=\u00a0\u00bb#DDFFBD\u00a0\u00bb align=\u00a0\u00bbcenter\u00a0\u00bb sticky_enabled=\u00a0\u00bb0&Prime;][\/et_pb_image][\/et_pb_column][et_pb_column type=\u00a0\u00bb3_5&Prime; _builder_version=\u00a0\u00bb4.27.4&Prime; _module_preset=\u00a0\u00bbdefault\u00a0\u00bb global_colors_info=\u00a0\u00bb{}\u00a0\u00bb][et_pb_text _builder_version=\u00a0\u00bb4.27.4&Prime; _module_preset=\u00a0\u00bbdefault\u00a0\u00bb custom_margin=\u00a0\u00bb53px||-1px|||\u00a0\u00bb hover_enabled=\u00a0\u00bb0&Prime; global_colors_info=\u00a0\u00bb{}\u00a0\u00bb sticky_enabled=\u00a0\u00bb0&Prime;]<\/p>\n<h3 style=\"text-align: justify;\"><span>ALTITUDE vous accompagne dans la d\u00e9finition et la mise en place de strat\u00e9gies gagnantes\u00a0 et vous conseille dans de nombreux domaines\u00a0:<\/span><br \/><span>d\u00e9veloppement commercial, management des ressources humaines, gestion de projet, relation client, strat\u00e9gie de communication, organisation et changement, \u2026<\/span><\/h3>\n<p>[\/et_pb_text][\/et_pb_column][\/et_pb_row][et_pb_row _builder_version=\u00a0\u00bb4.27.4&Prime; _module_preset=\u00a0\u00bbdefault\u00a0\u00bb global_colors_info=\u00a0\u00bb{}\u00a0\u00bb][et_pb_column type=\u00a0\u00bb4_4&Prime; _builder_version=\u00a0\u00bb4.27.4&Prime; _module_preset=\u00a0\u00bbdefault\u00a0\u00bb global_colors_info=\u00a0\u00bb{}\u00a0\u00bb][et_pb_text _builder_version=\u00a0\u00bb4.27.4&Prime; _module_preset=\u00a0\u00bbdefault\u00a0\u00bb hover_enabled=\u00a0\u00bb0&Prime; global_colors_info=\u00a0\u00bb{}\u00a0\u00bb sticky_enabled=\u00a0\u00bb0&Prime;]<\/p>\n<h2 style=\"text-align: center;\"><strong>Notre d\u00e9marche<\/strong><\/h2>\n<p>Nos consultants, tous experts dans leur domaine d\u2019intervention et ma\u00eetrisant le march\u00e9 local, \u00e9laborent avec vous votre plan d\u2019actions, dans le respect de votre culture d\u2019entreprise et de votre vision strat\u00e9gique. Notre objectif \u00e9tant de vous apporter les outils et m\u00e9thodes qui vous permettront de demeurer de bout en bout l\u2019artisan de votre r\u00e9ussite.<\/p>\n<p>[\/et_pb_text][\/et_pb_column][\/et_pb_row][et_pb_row _builder_version=\u00a0\u00bb4.27.4&Prime; _module_preset=\u00a0\u00bbdefault\u00a0\u00bb global_colors_info=\u00a0\u00bb{}\u00a0\u00bb][et_pb_column type=\u00a0\u00bb4_4&Prime; _builder_version=\u00a0\u00bb4.27.4&Prime; _module_preset=\u00a0\u00bbdefault\u00a0\u00bb global_colors_info=\u00a0\u00bb{}\u00a0\u00bb][et_pb_text _builder_version=\u00a0\u00bb4.27.4&Prime; _module_preset=\u00a0\u00bbdefault\u00a0\u00bb hover_enabled=\u00a0\u00bb0&Prime; global_colors_info=\u00a0\u00bb{}\u00a0\u00bb sticky_enabled=\u00a0\u00bb0&Prime; background_color=\u00a0\u00bb#DDFFBD\u00a0\u00bb]<\/p>\n<h2 style=\"text-align: center;\"><strong>Nos champs d\u2019expertise<\/strong><\/h2>\n<h5><a name=\"1\"><\/a>Le conseil en gestion de projet<\/h5>\n<p>D\u00e8s le d\u00e9part, nous vous veillerons \u00e0 vous apporter de nombreux conseils et outils pour mener \u00e0 bien votre projet :<\/p>\n<ol class=\"ordered-list\">\n<li>Clarifier d\u2019embl\u00e9e les r\u00f4les et responsabilit\u00e9s,<\/li>\n<li>Etablir un retroplanning des \u00e9ch\u00e9ances,<\/li>\n<li>Se doter d\u2019objectifs interm\u00e9diaires SMART,<\/li>\n<li>Pr\u00e9venir les d\u00e9rapages dans le temps (diagramme de GANTT ou PERT)<\/li>\n<li>Etc\u2026<\/li>\n<\/ol>\n<p>Dans le m\u00eame temps, nous examinerons avec vous un pan de la gestion de projet qui est souvent sous-estim\u00e9 : le facteur humain.<\/p>\n<ol class=\"ordered-list\">\n<li>Comment faire comprendre la n\u00e9cessit\u00e9 du changement aux personnes concern\u00e9es ?<\/li>\n<li>Comment leur donner envie de s\u2019investir ?<\/li>\n<li>Comment \u00e9viter que certains comportements se r\u00e9percutent n\u00e9gativement sur l\u2019avanc\u00e9e du projet ?<\/li>\n<li>Comment tenir compte de cette part de fonctionnement irrationnel pour augmenter les chances de r\u00e9ussite de votre projet ?)<\/li>\n<\/ol>\n<p>[\/et_pb_text][\/et_pb_column][\/et_pb_row][et_pb_row column_structure=\u00a0\u00bb3_4,1_4&Prime; _builder_version=\u00a0\u00bb4.27.4&Prime; _module_preset=\u00a0\u00bbdefault\u00a0\u00bb custom_padding=\u00a0\u00bb11px|17px|11px|17px|true|true\u00a0\u00bb border_width_all=\u00a0\u00bb1px\u00a0\u00bb border_color_all=\u00a0\u00bbrgba(0,0,0,0.12)\u00a0\u00bb global_colors_info=\u00a0\u00bb{}\u00a0\u00bb][et_pb_column type=\u00a0\u00bb3_4&Prime; _builder_version=\u00a0\u00bb4.27.4&Prime; _module_preset=\u00a0\u00bbdefault\u00a0\u00bb global_colors_info=\u00a0\u00bb{}\u00a0\u00bb][et_pb_text _builder_version=\u00a0\u00bb4.27.4&Prime; _module_preset=\u00a0\u00bbdefault\u00a0\u00bb global_colors_info=\u00a0\u00bb{}\u00a0\u00bb]<\/p>\n<h2><span>Vous souhaitez en savoir plus sur cette offre de service ?<\/span><\/h2>\n<p>[\/et_pb_text][\/et_pb_column][et_pb_column type=\u00a0\u00bb1_4&Prime; _builder_version=\u00a0\u00bb4.27.4&Prime; _module_preset=\u00a0\u00bbdefault\u00a0\u00bb global_colors_info=\u00a0\u00bb{}\u00a0\u00bb][et_pb_button button_url=\u00a0\u00bbhttps:\/\/altitudefc.com\/index.php\/contact\u00a0\u00bb button_text=\u00a0\u00bbCONTACTEZ-NOUS\u00a0\u00bb button_alignment=\u00a0\u00bbcenter\u00a0\u00bb _builder_version=\u00a0\u00bb4.27.4&Prime; _module_preset=\u00a0\u00bbdefault\u00a0\u00bb custom_button=\u00a0\u00bbon\u00a0\u00bb button_text_size=\u00a0\u00bb17px\u00a0\u00bb button_text_color=\u00a0\u00bb#FFFFFF\u00a0\u00bb button_bg_color=\u00a0\u00bb#b51dd3&Prime; button_border_radius=\u00a0\u00bb13px\u00a0\u00bb custom_margin=\u00a0\u00bb-7px||||false|false\u00a0\u00bb global_colors_info=\u00a0\u00bb{}\u00a0\u00bb][\/et_pb_button][\/et_pb_column][\/et_pb_row][et_pb_row _builder_version=\u00a0\u00bb4.27.4&Prime; _module_preset=\u00a0\u00bbdefault\u00a0\u00bb global_colors_info=\u00a0\u00bb{}\u00a0\u00bb][et_pb_column type=\u00a0\u00bb4_4&Prime; _builder_version=\u00a0\u00bb4.27.4&Prime; _module_preset=\u00a0\u00bbdefault\u00a0\u00bb global_colors_info=\u00a0\u00bb{}\u00a0\u00bb][et_pb_text _builder_version=\u00a0\u00bb4.27.4&Prime; _module_preset=\u00a0\u00bbdefault\u00a0\u00bb hover_enabled=\u00a0\u00bb0&Prime; global_colors_info=\u00a0\u00bb{}\u00a0\u00bb background_color=\u00a0\u00bb#DDFFBD\u00a0\u00bb sticky_enabled=\u00a0\u00bb0&Prime;]<\/p>\n<h2 style=\"text-align: center;\"><strong>Le conseil en communication externe<\/strong><\/h2>\n<p>La communication externe est au service de l\u2019image de l\u2019entreprise et de sa notori\u00e9t\u00e9. Quelle que soit sa taille, chaque entreprise doit d\u00e9finir un positionnement en communication reposant sur son identit\u00e9, ses valeurs et sa culture. Les enjeux sont la valorisation de ses savoir faire, la ma\u00eetrise de son image et la visibilit\u00e9 de son offre sur son march\u00e9 ou son champ d\u2019intervention.<\/p>\n<p>Communiquer, c\u2019est se faire conna\u00eetre, mais c\u2019est aussi interagir avec ses publics. A l\u2019heure des r\u00e9seaux sociaux et du Web 2.0, les entreprises et les institutions sont sans cesse en dialogue avec leurs cibles et soumises \u00e0 leur jugement. Etablir une relation de qualit\u00e9, qui engendre l\u2019engagement et l\u2019adh\u00e9sion des consommateurs ou des administr\u00e9s, tel est le d\u00e9fi de la communication externe aujourd\u2019hui.<\/p>\n<p>L\u2019entreprise doit donc se mobiliser pour construire un plan de communication pertinent, v\u00e9ritable outil de d\u00e9veloppement. La condition sine qua non de la r\u00e9ussite de son plan\u00a0: son int\u00e9gration \u00e0 la vision strat\u00e9gique de l\u2019entreprise.<\/p>\n<p>Dans ce contexte, Altitude vous accompagne dans :<\/p>\n<ol class=\"ordered-list\">\n<li>L\u2019audit et l\u2019analyse de vos besoins en communication,<\/li>\n<li>L\u2019\u00e9laboration de votre strat\u00e9gie de communication,<\/li>\n<li>La construction de votre plan de communication externe.<\/li>\n<\/ol>\n<p>[\/et_pb_text][\/et_pb_column][\/et_pb_row][et_pb_row column_structure=\u00a0\u00bb3_4,1_4&Prime; _builder_version=\u00a0\u00bb4.27.4&Prime; _module_preset=\u00a0\u00bbdefault\u00a0\u00bb custom_padding=\u00a0\u00bb11px|17px|11px|17px|true|true\u00a0\u00bb border_width_all=\u00a0\u00bb1px\u00a0\u00bb border_color_all=\u00a0\u00bbrgba(0,0,0,0.12)\u00a0\u00bb global_colors_info=\u00a0\u00bb{}\u00a0\u00bb][et_pb_column type=\u00a0\u00bb3_4&Prime; _builder_version=\u00a0\u00bb4.27.4&Prime; _module_preset=\u00a0\u00bbdefault\u00a0\u00bb global_colors_info=\u00a0\u00bb{}\u00a0\u00bb][et_pb_text _builder_version=\u00a0\u00bb4.27.4&Prime; _module_preset=\u00a0\u00bbdefault\u00a0\u00bb global_colors_info=\u00a0\u00bb{}\u00a0\u00bb]<\/p>\n<h2><span>Vous souhaitez en savoir plus sur cette offre de service ?<\/span><\/h2>\n<p>[\/et_pb_text][\/et_pb_column][et_pb_column type=\u00a0\u00bb1_4&Prime; _builder_version=\u00a0\u00bb4.27.4&Prime; _module_preset=\u00a0\u00bbdefault\u00a0\u00bb global_colors_info=\u00a0\u00bb{}\u00a0\u00bb][et_pb_button button_url=\u00a0\u00bbhttps:\/\/altitudefc.com\/index.php\/contact\u00a0\u00bb button_text=\u00a0\u00bbCONTACTEZ-NOUS\u00a0\u00bb button_alignment=\u00a0\u00bbcenter\u00a0\u00bb _builder_version=\u00a0\u00bb4.27.4&Prime; _module_preset=\u00a0\u00bbdefault\u00a0\u00bb custom_button=\u00a0\u00bbon\u00a0\u00bb button_text_size=\u00a0\u00bb17px\u00a0\u00bb button_text_color=\u00a0\u00bb#FFFFFF\u00a0\u00bb button_bg_color=\u00a0\u00bb#b51dd3&Prime; button_border_radius=\u00a0\u00bb13px\u00a0\u00bb custom_margin=\u00a0\u00bb-7px||||false|false\u00a0\u00bb global_colors_info=\u00a0\u00bb{}\u00a0\u00bb][\/et_pb_button][\/et_pb_column][\/et_pb_row][et_pb_row _builder_version=\u00a0\u00bb4.27.4&Prime; _module_preset=\u00a0\u00bbdefault\u00a0\u00bb global_colors_info=\u00a0\u00bb{}\u00a0\u00bb][et_pb_column type=\u00a0\u00bb4_4&Prime; _builder_version=\u00a0\u00bb4.27.4&Prime; _module_preset=\u00a0\u00bbdefault\u00a0\u00bb global_colors_info=\u00a0\u00bb{}\u00a0\u00bb][et_pb_text _builder_version=\u00a0\u00bb4.27.4&Prime; _module_preset=\u00a0\u00bbdefault\u00a0\u00bb hover_enabled=\u00a0\u00bb0&Prime; global_colors_info=\u00a0\u00bb{}\u00a0\u00bb background_color=\u00a0\u00bb#DDFFBD\u00a0\u00bb sticky_enabled=\u00a0\u00bb0&Prime;]<\/p>\n<h2 style=\"text-align: center;\"><strong>Le conseil en management de la parentalit\u00e9 en entreprise<\/strong><\/h2>\n<p>La r\u00e9glementation exige des entreprises de plus de 300 salari\u00e9s, la n\u00e9gociation et la signature d\u2019un Protocole d\u2019Accord local sur l\u2019\u00e9galit\u00e9 professionnelle.<\/p>\n<p>Certaines font le choix de traiter en priorit\u00e9 la probl\u00e9matique de la conciliation vie professionnelle avec les responsabilit\u00e9s familiales en pr\u00e9voyant qu\u2019un temps d\u2019\u00e9change sur l\u2019\u00e9quilibre vie professionnelle et vie familiale soit int\u00e9gr\u00e9 \u00e0 l\u2019entretien annuel d\u2019\u00e9valuation.<\/p>\n<p>ALTITUDE accompagne les entreprises d\u00e9sireuses de sensibiliser et de former leurs managers \u00e9valuateurs \u00e0 la prise en compte de la vie personnelle de leurs collaborateurs.<\/p>\n<h6>L\u2019approche d\u2019Altitude<\/h6>\n<p>Notre intervention s\u2019appuie bien \u00e9videmment sur les situations \u00e9ventuelles auxquelles les managers pourraient \u00eatre confront\u00e9s : une co\u00e9quipi\u00e8re qui annonce sa grossesse, un collaborateur qui souhaite prendre son cong\u00e9 de paternit\u00e9, une salari\u00e9e qui envisage de demander un 4\/5, un autre qui voudrait s\u2019essayer le t\u00e9l\u00e9travail, etc.<\/p>\n<p>Sur chacune de ces situations, nous aidons les managers \u00e0 prendre du recul et \u00e0 r\u00e9fl\u00e9chir sur les comportements \u00e0 adopter, et \u00e0 g\u00e9rer \u00ab\u00a0\u00e9quitablement\u00a0\u00bb une demande inattendue du salari\u00e9-parent.<\/p>\n<p>Nous leurs rappelons \u00e9galement certaines r\u00e8gles de droit, afin de ne pas franchir la ligne jaune de ce qu\u2019un employeur peut demander sans sortir du cadre l\u00e9gal et conventionnel.<\/p>\n<p>[\/et_pb_text][\/et_pb_column][\/et_pb_row][et_pb_row column_structure=\u00a0\u00bb3_4,1_4&Prime; _builder_version=\u00a0\u00bb4.27.4&Prime; _module_preset=\u00a0\u00bbdefault\u00a0\u00bb custom_padding=\u00a0\u00bb11px|17px|11px|17px|true|true\u00a0\u00bb border_width_all=\u00a0\u00bb1px\u00a0\u00bb border_color_all=\u00a0\u00bbrgba(0,0,0,0.12)\u00a0\u00bb global_colors_info=\u00a0\u00bb{}\u00a0\u00bb][et_pb_column type=\u00a0\u00bb3_4&Prime; _builder_version=\u00a0\u00bb4.27.4&Prime; _module_preset=\u00a0\u00bbdefault\u00a0\u00bb global_colors_info=\u00a0\u00bb{}\u00a0\u00bb][et_pb_text _builder_version=\u00a0\u00bb4.27.4&Prime; _module_preset=\u00a0\u00bbdefault\u00a0\u00bb global_colors_info=\u00a0\u00bb{}\u00a0\u00bb]<\/p>\n<h2><span>Vous souhaitez en savoir plus sur cette offre de service ?<\/span><\/h2>\n<p>[\/et_pb_text][\/et_pb_column][et_pb_column type=\u00a0\u00bb1_4&Prime; _builder_version=\u00a0\u00bb4.27.4&Prime; _module_preset=\u00a0\u00bbdefault\u00a0\u00bb global_colors_info=\u00a0\u00bb{}\u00a0\u00bb][et_pb_button button_url=\u00a0\u00bbhttps:\/\/altitudefc.com\/index.php\/contact\u00a0\u00bb button_text=\u00a0\u00bbCONTACTEZ-NOUS\u00a0\u00bb button_alignment=\u00a0\u00bbcenter\u00a0\u00bb _builder_version=\u00a0\u00bb4.27.4&Prime; _module_preset=\u00a0\u00bbdefault\u00a0\u00bb custom_button=\u00a0\u00bbon\u00a0\u00bb button_text_size=\u00a0\u00bb17px\u00a0\u00bb button_text_color=\u00a0\u00bb#FFFFFF\u00a0\u00bb button_bg_color=\u00a0\u00bb#b51dd3&Prime; button_border_radius=\u00a0\u00bb13px\u00a0\u00bb custom_margin=\u00a0\u00bb-7px||||false|false\u00a0\u00bb global_colors_info=\u00a0\u00bb{}\u00a0\u00bb][\/et_pb_button][\/et_pb_column][\/et_pb_row][\/et_pb_section]<\/p>\n","protected":false},"excerpt":{"rendered":"<p>Optimiser la r\u00e9ussite de votre entrepriseALTITUDE vous accompagne dans la d\u00e9finition et la mise en place de strat\u00e9gies gagnantes\u00a0 et vous conseille dans de nombreux domaines\u00a0:d\u00e9veloppement commercial, management des ressources humaines, gestion de projet, relation client, strat\u00e9gie de communication, organisation et changement, \u2026Notre d\u00e9marche Nos consultants, tous experts dans leur domaine d\u2019intervention et ma\u00eetrisant le [&hellip;]<\/p>\n","protected":false},"author":1,"featured_media":0,"parent":0,"menu_order":0,"comment_status":"closed","ping_status":"closed","template":"","meta":{"_et_pb_use_builder":"on","_et_pb_old_content":"","_et_gb_content_width":"","footnotes":""},"class_list":["post-56","page","type-page","status-publish","hentry"],"_links":{"self":[{"href":"https:\/\/altitudefc.com\/index.php\/wp-json\/wp\/v2\/pages\/56","targetHints":{"allow":["GET"]}}],"collection":[{"href":"https:\/\/altitudefc.com\/index.php\/wp-json\/wp\/v2\/pages"}],"about":[{"href":"https:\/\/altitudefc.com\/index.php\/wp-json\/wp\/v2\/types\/page"}],"author":[{"embeddable":true,"href":"https:\/\/altitudefc.com\/index.php\/wp-json\/wp\/v2\/users\/1"}],"replies":[{"embeddable":true,"href":"https:\/\/altitudefc.com\/index.php\/wp-json\/wp\/v2\/comments?post=56"}],"version-history":[{"count":6,"href":"https:\/\/altitudefc.com\/index.php\/wp-json\/wp\/v2\/pages\/56\/revisions"}],"predecessor-version":[{"id":1567,"href":"https:\/\/altitudefc.com\/index.php\/wp-json\/wp\/v2\/pages\/56\/revisions\/1567"}],"wp:attachment":[{"href":"https:\/\/altitudefc.com\/index.php\/wp-json\/wp\/v2\/media?parent=56"}],"curies":[{"name":"wp","href":"https:\/\/api.w.org\/{rel}","templated":true}]}}