{"id":462,"date":"2024-12-03T19:24:26","date_gmt":"2024-12-03T19:24:26","guid":{"rendered":"https:\/\/altitudefc.com\/?page_id=462"},"modified":"2024-12-03T19:26:22","modified_gmt":"2024-12-03T19:26:22","slug":"maitriser-les-fondamentaux-de-outlook","status":"publish","type":"page","link":"https:\/\/altitudefc.com\/index.php\/maitriser-les-fondamentaux-de-outlook\/","title":{"rendered":"Ma\u00eetriser les fondamentaux de OUTLOOK"},"content":{"rendered":"<p>[et_pb_section fb_built=\u00a0\u00bb1&Prime; _builder_version=\u00a0\u00bb4.27.4&Prime; _module_preset=\u00a0\u00bbdefault\u00a0\u00bb global_colors_info=\u00a0\u00bb{}\u00a0\u00bb theme_builder_area=\u00a0\u00bbpost_content\u00a0\u00bb][et_pb_row _builder_version=\u00a0\u00bb4.27.4&Prime; _module_preset=\u00a0\u00bbdefault\u00a0\u00bb global_colors_info=\u00a0\u00bb{}\u00a0\u00bb theme_builder_area=\u00a0\u00bbpost_content\u00a0\u00bb column_structure=\u00a0\u00bb2_5,3_5&Prime;][et_pb_column type=\u00a0\u00bb2_5&Prime; _builder_version=\u00a0\u00bb4.27.4&Prime; _module_preset=\u00a0\u00bbdefault\u00a0\u00bb global_colors_info=\u00a0\u00bb{}\u00a0\u00bb theme_builder_area=\u00a0\u00bbpost_content\u00a0\u00bb][et_pb_image src=\u00a0\u00bbhttps:\/\/altitudefc.com\/wp-content\/uploads\/2024\/11\/outlook.jpg\u00a0\u00bb _builder_version=\u00a0\u00bb4.27.4&Prime; _module_preset=\u00a0\u00bbdefault\u00a0\u00bb theme_builder_area=\u00a0\u00bbpost_content\u00a0\u00bb title_text=\u00a0\u00bboutlook\u00a0\u00bb hover_enabled=\u00a0\u00bb0&Prime; sticky_enabled=\u00a0\u00bb0&Prime;][\/et_pb_image][\/et_pb_column][et_pb_column type=\u00a0\u00bb3_5&Prime; _builder_version=\u00a0\u00bb4.27.4&Prime; _module_preset=\u00a0\u00bbdefault\u00a0\u00bb global_colors_info=\u00a0\u00bb{}\u00a0\u00bb theme_builder_area=\u00a0\u00bbpost_content\u00a0\u00bb][et_pb_text _builder_version=\u00a0\u00bb4.27.4&Prime; _module_preset=\u00a0\u00bbdefault\u00a0\u00bb global_colors_info=\u00a0\u00bb{}\u00a0\u00bb theme_builder_area=\u00a0\u00bbpost_content\u00a0\u00bb]<\/p>\n<p><span>Outil d\u2019organisation et de communication, Outlook contribue fortement \u00e0 notre efficacit\u00e9 individuelle et collective.<\/span><br \/><span>Pourtant, ce logiciel est souvent mal exploit\u00e9. En effet, Outlook rec\u00e8le de fonctionnalit\u00e9s tr\u00e8s utiles et souvent m\u00e9connues : gestion automatique des messages, indicateurs, cat\u00e9gories, partage d\u2019agendas, de contacts, \u2026<\/span><br \/><span>Cette formation vous permet d\u2019acqu\u00e9rir la ma\u00eetrise de ces fonctionnalit\u00e9s et vous apporte des solutions pour adapter \u00e0 votre activit\u00e9 et mieux vous organiser.<\/span><\/p>\n<p>[\/et_pb_text][\/et_pb_column][\/et_pb_row][et_pb_row _builder_version=\u00a0\u00bb4.27.4&Prime; _module_preset=\u00a0\u00bbdefault\u00a0\u00bb global_colors_info=\u00a0\u00bb{}\u00a0\u00bb theme_builder_area=\u00a0\u00bbpost_content\u00a0\u00bb][et_pb_column type=\u00a0\u00bb4_4&Prime; _builder_version=\u00a0\u00bb4.27.4&Prime; _module_preset=\u00a0\u00bbdefault\u00a0\u00bb global_colors_info=\u00a0\u00bb{}\u00a0\u00bb theme_builder_area=\u00a0\u00bbpost_content\u00a0\u00bb][et_pb_text _builder_version=\u00a0\u00bb4.27.4&Prime; _module_preset=\u00a0\u00bbdefault\u00a0\u00bb global_colors_info=\u00a0\u00bb{}\u00a0\u00bb theme_builder_area=\u00a0\u00bbpost_content\u00a0\u00bb]<\/p>\n<h2><b>Objectifs :<\/b><\/h2>\n<p>Ma\u00eetriser les fonctionnalit\u00e9s de base du logiciel et devenir autonome<\/p>\n<h2><b>Pr\u00e9-requis :<\/b><\/h2>\n<p>Conna\u00eetre les bases du logiciel<\/p>\n<h2><b>Cible :<\/b><\/h2>\n<p>D\u00e9butants<\/p>\n<h2><b>Dur\u00e9e :<\/b><\/h2>\n<p>2 jours soit 14 heures, espac\u00e9es dans le temps.<\/p>\n<h2><b>Contenu :<\/b><\/h2>\n<p>&#8211; Description de l\u2019environnement<br \/>&#8211; Les contacts<br \/>&#8211; Imprimer son annuaire<br \/>&#8211; E-mail<br \/>&#8211; Calendrier<br \/>&#8211; Cr\u00e9er un \u00e9v\u00e9nement (s\u00e9minaire, vacances \u2026)<br \/>&#8211; G\u00e9rer les r\u00e9unions<\/p>\n<h2><b>Modalit\u00e9s d\u2019acc\u00e8s :<\/b><\/h2>\n<p>Formation possible en individuel \/ \u00e0 la carte<\/p>\n<p><b>Constitution des groupes :<\/b><\/p>\n<p>&#8211; En INTRA : Groupe de 12 personnes maximum. Formation possible dans vos locaux (nous consulter)<br \/>D\u00e9lais d\u2019acc\u00e8s : en fonction des disponibilit\u00e9s des collaborateurs et du consultant-formateur<br \/>&#8211; En INTER : la formation sera mise en place sous r\u00e9serve d\u2019atteindre un quota de 8 participants minimum par groupe (formation dans les locaux d\u2019ALTITUDE)<br \/>D\u00e9lais d\u2019acc\u00e8s :\u00a0en fonction des disponibilit\u00e9s du consultant-formateur et sous r\u00e9serve d\u2019atteindre le quota de participants<br \/>&#8211; Formule personnalis\u00e9e &#8211;\u00a0D\u00e9lais d\u2019acc\u00e8s : en fonction des disponibilit\u00e9s du demandeur et de celles du consultant-formateur<\/p>\n<h1><b>Modalit\u00e9s, moyens et m\u00e9thodes mobilis\u00e9es et modalit\u00e9s d\u2019\u00e9valuation :<\/b><\/h1>\n<h2><b>Moyens p\u00e9dagogiques et techniques :<\/b><\/h2>\n<h3><strong>En amont de la formation :<\/strong><\/h3>\n<p>Dans tous les cas, un audit t\u00e9l\u00e9phonique pr\u00e9alable nous permet de d\u00e9terminer et fixer la meilleure approche p\u00e9dagogique pour atteindre une qualit\u00e9 de formation optimale \u2013 Test de positionnement<\/p>\n<p>Le cours sera dispens\u00e9 dans un langage simple et clair avec l\u2019introduction de termes techniques \u00e0 conna\u00eetre et \u00e0 ma\u00eetriser.<br \/>La th\u00e9orie sera illustr\u00e9e par des mises en situations concr\u00e8tes.<\/p>\n<p>&#8211; Accueil des stagiaires dans une salle d\u00e9di\u00e9e \u00e0 la formation.<br \/>&#8211; Les apports th\u00e9oriques sont suivis de mises en pratique.<br \/>&#8211; Jeux ludiques \u00e0 vis\u00e9e p\u00e9dagogique<br \/>&#8211; Tests, Quiz en salle<br \/>&#8211; Autodiagnostics<br \/>&#8211; Evaluations<br \/>&#8211; Brainstorming<br \/>&#8211; Exercices de cr\u00e9ativit\u00e9<br \/>&#8211; Travail en sous groupe<br \/>&#8211; Transmission par courrier \u00e9lectronique de documents supports \u00e0 la suite de la formation.<\/p>\n<h2><b>Dispositif de suivi de l\u2019ex\u00e9cution et d\u2019\u00e9valuation des r\u00e9sultats de la formation :<\/b><\/h2>\n<p>&#8211; Feuilles de pr\u00e9sence,<br \/>&#8211; Formulaire d\u2019\u00e9valuation de la formation,<br \/>&#8211; QUIZ, jeux, jeux de r\u00f4le, QCM etc\u2026 en cours de formation<\/p>\n<h2><b>Profil du formateur (Exemple de) :<\/b><\/h2>\n<p><i><span>Titres et Qualifications :<\/span><\/i><br \/>&#8211; Licence professionnelle Agronomie sp\u00e9cialit\u00e9 Agriculture et d\u00e9veloppement durable<br \/>&#8211; BTS Agricole option Technologies V\u00e9g\u00e9tales<\/p>\n<p><i><span>Parcours professionnel \/ Domaine d\u2019intervention<\/span><\/i><br \/>&#8211; Technicien informatique \u2013 G\u00e9rant Soci\u00e9t\u00e9 Pr\u00e9diag Assistance \u2013 Formateur depuis 2011<br \/>&#8211; Auxiliaire au poste de contr\u00f4le A\u00e9ronautique \u00e0 l\u2019A\u00e9roport Aim\u00e9 C\u00e9saire<br \/>&#8211; Technicien support \u2013 Stream International INC.<\/p>\n<p><i><span>Domaines de comp\u00e9tences<\/span><\/i><br \/>&#8211; Animation de sessions de formations bureautique \u2013 Informatique<br \/>&#8211; D\u00e9pannage informatique<br \/>&#8211; Intervention r\u00e9seaux informatique<br \/>&#8211; Assistance Informatique pour particuliers et professionnels<br \/>&#8211; Installation de logiciels sp\u00e9cifiques<br \/>&#8211; Vente de mat\u00e9riels informatique<br \/>&#8211; Cr\u00e9ation de sites vitrines ou de vente en ligne<br \/>&#8211; Jury d\u2019examens Titres professionnels : Responsable d\u2019espace de m\u00e9diation num\u00e9rique \u2013 Technicien d\u2019assistance Informatique<\/p>\n<p>[\/et_pb_text][\/et_pb_column][\/et_pb_row][et_pb_row column_structure=\u00a0\u00bb3_4,1_4&Prime; _builder_version=\u00a0\u00bb4.27.4&Prime; _module_preset=\u00a0\u00bbdefault\u00a0\u00bb custom_padding=\u00a0\u00bb11px|17px|11px|17px|true|true\u00a0\u00bb border_width_all=\u00a0\u00bb1px\u00a0\u00bb border_color_all=\u00a0\u00bbrgba(0,0,0,0.12)\u00a0\u00bb global_colors_info=\u00a0\u00bb{}\u00a0\u00bb theme_builder_area=\u00a0\u00bbpost_content\u00a0\u00bb][et_pb_column type=\u00a0\u00bb3_4&Prime; _builder_version=\u00a0\u00bb4.27.4&Prime; _module_preset=\u00a0\u00bbdefault\u00a0\u00bb global_colors_info=\u00a0\u00bb{}\u00a0\u00bb theme_builder_area=\u00a0\u00bbpost_content\u00a0\u00bb][et_pb_text _builder_version=\u00a0\u00bb4.27.4&Prime; _module_preset=\u00a0\u00bbdefault\u00a0\u00bb global_colors_info=\u00a0\u00bb{}\u00a0\u00bb theme_builder_area=\u00a0\u00bbpost_content\u00a0\u00bb]<\/p>\n<h2>Notre \u00e9quipe est \u00e0 votre disposition pour r\u00e9pondre \u00e0 toute autre question au sujet de ces formations.<\/h2>\n<p>[\/et_pb_text][\/et_pb_column][et_pb_column type=\u00a0\u00bb1_4&Prime; _builder_version=\u00a0\u00bb4.27.4&Prime; _module_preset=\u00a0\u00bbdefault\u00a0\u00bb global_colors_info=\u00a0\u00bb{}\u00a0\u00bb theme_builder_area=\u00a0\u00bbpost_content\u00a0\u00bb][et_pb_button button_url=\u00a0\u00bbhttps:\/\/altitudefc.com\/index.php\/contact\u00a0\u00bb button_text=\u00a0\u00bbCONTACTEZ-NOUS\u00a0\u00bb button_alignment=\u00a0\u00bbcenter\u00a0\u00bb _builder_version=\u00a0\u00bb4.27.4&Prime; _module_preset=\u00a0\u00bbdefault\u00a0\u00bb custom_button=\u00a0\u00bbon\u00a0\u00bb button_text_size=\u00a0\u00bb17px\u00a0\u00bb button_text_color=\u00a0\u00bb#FFFFFF\u00a0\u00bb button_bg_color=\u00a0\u00bb#b51dd3&Prime; button_border_radius=\u00a0\u00bb13px\u00a0\u00bb custom_margin=\u00a0\u00bb14px||||false|false\u00a0\u00bb global_colors_info=\u00a0\u00bb{}\u00a0\u00bb theme_builder_area=\u00a0\u00bbpost_content\u00a0\u00bb][\/et_pb_button][\/et_pb_column][\/et_pb_row][\/et_pb_section]<\/p>\n","protected":false},"excerpt":{"rendered":"<p>Outil d\u2019organisation et de communication, Outlook contribue fortement \u00e0 notre efficacit\u00e9 individuelle et collective.Pourtant, ce logiciel est souvent mal exploit\u00e9. En effet, Outlook rec\u00e8le de fonctionnalit\u00e9s tr\u00e8s utiles et souvent m\u00e9connues : gestion automatique des messages, indicateurs, cat\u00e9gories, partage d\u2019agendas, de contacts, \u2026Cette formation vous permet d\u2019acqu\u00e9rir la ma\u00eetrise de ces fonctionnalit\u00e9s et vous apporte [&hellip;]<\/p>\n","protected":false},"author":1,"featured_media":0,"parent":0,"menu_order":0,"comment_status":"closed","ping_status":"closed","template":"","meta":{"_et_pb_use_builder":"on","_et_pb_old_content":"","_et_gb_content_width":"","footnotes":""},"class_list":["post-462","page","type-page","status-publish","hentry"],"_links":{"self":[{"href":"https:\/\/altitudefc.com\/index.php\/wp-json\/wp\/v2\/pages\/462","targetHints":{"allow":["GET"]}}],"collection":[{"href":"https:\/\/altitudefc.com\/index.php\/wp-json\/wp\/v2\/pages"}],"about":[{"href":"https:\/\/altitudefc.com\/index.php\/wp-json\/wp\/v2\/types\/page"}],"author":[{"embeddable":true,"href":"https:\/\/altitudefc.com\/index.php\/wp-json\/wp\/v2\/users\/1"}],"replies":[{"embeddable":true,"href":"https:\/\/altitudefc.com\/index.php\/wp-json\/wp\/v2\/comments?post=462"}],"version-history":[{"count":3,"href":"https:\/\/altitudefc.com\/index.php\/wp-json\/wp\/v2\/pages\/462\/revisions"}],"predecessor-version":[{"id":465,"href":"https:\/\/altitudefc.com\/index.php\/wp-json\/wp\/v2\/pages\/462\/revisions\/465"}],"wp:attachment":[{"href":"https:\/\/altitudefc.com\/index.php\/wp-json\/wp\/v2\/media?parent=462"}],"curies":[{"name":"wp","href":"https:\/\/api.w.org\/{rel}","templated":true}]}}