{"id":342,"date":"2024-12-03T02:26:40","date_gmt":"2024-12-03T02:26:40","guid":{"rendered":"https:\/\/altitudefc.com\/?page_id=342"},"modified":"2026-03-19T16:21:43","modified_gmt":"2026-03-19T16:21:43","slug":"certificat-professionnel-ffp-de-manager-de-proximite","status":"publish","type":"page","link":"https:\/\/altitudefc.com\/index.php\/certificat-professionnel-ffp-de-manager-de-proximite\/","title":{"rendered":"certificat professionnel de manager de proximit\u00e9"},"content":{"rendered":"<p>[et_pb_section fb_built=\u00a0\u00bb1&Prime; _builder_version=\u00a0\u00bb4.27.4&Prime; _module_preset=\u00a0\u00bbdefault\u00a0\u00bb global_colors_info=\u00a0\u00bb{}\u00a0\u00bb][et_pb_row _builder_version=\u00a0\u00bb4.27.4&Prime; _module_preset=\u00a0\u00bbdefault\u00a0\u00bb global_colors_info=\u00a0\u00bb{}\u00a0\u00bb][et_pb_column type=\u00a0\u00bb4_4&Prime; _builder_version=\u00a0\u00bb4.27.4&Prime; _module_preset=\u00a0\u00bbdefault\u00a0\u00bb global_colors_info=\u00a0\u00bb{}\u00a0\u00bb][et_pb_text _builder_version=\u00a0\u00bb4.27.4&Prime; _module_preset=\u00a0\u00bbdefault\u00a0\u00bb global_colors_info=\u00a0\u00bb{}\u00a0\u00bb]<\/p>\n<h2 style=\"text-align: left;\"><span><strong><span style=\"color: #c37cc6;\">1-<\/span>\u00a0<a title=\"Action commerciale &amp; Relation client\" href=\"http:\/\/altitudefc.com\/site\/action-commerciale-martinique\/\">Action commerciale &amp; Relation client<\/a><\/strong><\/span><\/h2>\n<p style=\"text-align: left;\">Fonction commerciale<br \/>&#8211; R\u00e9ussir dans vos fonctions commerciales<br \/>&#8211; Poss\u00e9der et ma\u00eetriser les techniques de vente et de n\u00e9gociation commerciale<\/p>\n<p style=\"text-align: left;\">Strat\u00e9gie commerciale<br \/>&#8211; Dynamiser votre d\u00e9marche commerciale\u00a0(modules th\u00e9orique &amp; pratique)<\/p>\n<p style=\"text-align: left;\">Relation client<br \/>&#8211; Conduire vos enqu\u00eates de satisfaction clients<br \/>&#8211; Soigner le contact client<br \/>&#8211; Dis-moi comment tu accueilles\u2026<br \/>&#8211; L\u2019art de bien communiquer par t\u00e9l\u00e9phone<br \/>&#8211; Prospecter efficacement au t\u00e9l\u00e9phone<br \/>&#8211; G\u00e9rer avec s\u00e9r\u00e9nit\u00e9 les situations difficiles<\/p>\n<p style=\"text-align: left;\">\n<h2 style=\"text-align: left;\"><strong><span style=\"color: #c37cc6;\">2 \u2013<\/span>\u00a0<a title=\"Bureautique\" href=\"http:\/\/altitudefc.com\/site\/bureautique-martinique\/\">Bureautique \u2013 Informatique \u2013 Infographie<\/a><\/strong><\/h2>\n<p style=\"text-align: left;\">Bureautique<\/p>\n<p style=\"text-align: left;\">Certification TOSA sur tous les logiciels<br \/>&#8211; Ma\u00eetriser les fondamentaux d\u2019Outlook<br \/>&#8211; Approfondir la ma\u00eetrise d\u2019Outlook<br \/>&#8211; D\u00e9couvrir les fondamentaux du traitement de texte Word<br \/>&#8211; Approfondir les techniques du traitement de texte Word<br \/>&#8211; D\u00e9couvrir les fondamentaux du tableur Excel<br \/>&#8211; Approfondir les techniques du tableur Excel<br \/>&#8211; D\u00e9couvrir les fondamentaux de la PREAO avec Powerpoint<br \/>&#8211; Approfondir vos pr\u00e9sentations avec Powerpoint<\/p>\n<p style=\"text-align: left;\">Informatique<br \/>&#8211; D\u00e9couverte de Windows<br \/>&#8211; D\u00e9couverte de la micro-informatique pour les dirigeants<br \/>&#8211; D\u00e9couvrir les fondamentaux de la base de donn\u00e9es sur Access<br \/>&#8211; Ma\u00eetriser la gestion de bases de donn\u00e9es sur Access<br \/>&#8211; MICROSOFT 365 : Exploiter les outils collaboratifs en ligne \u00ab\u00a0pour ma\u00eetriser et renforcer l\u2019efficacit\u00e9 professionnelle individuelle et collective\u00a0\u00bb<\/p>\n<p style=\"text-align: left;\">\n<h2 style=\"text-align: left;\"><strong><a title=\"Communication et Relations interpersonnelles\" href=\"http:\/\/altitudefc.com\/site\/communication-et-relations-interpersonnelles\/\">3- Communication, d\u00e9veloppement personnel &amp; Relations interpersonnelles<\/a><\/strong><\/h2>\n<p style=\"text-align: left;\">D\u00e9veloppement des comp\u00e9tences relationnelles<\/p>\n<p style=\"text-align: left;\">&#8211; Nouveau ! La pr\u00e9paration mentale au service de l\u2019entreprise<br \/>&#8211; Nouveau ! Prendre du recul et \u00ab\u00a0Sortir des pi\u00e8ges du perfectionnisme\u00a0\u00bb<br \/>&#8211; Nouveau ! Augmenter son \u00e9panouissement professionnel en temps de crise<br \/>&#8211; Nouveau ! Certification en communication interpersonnelle\u00a0Process Com\u00ae<br \/>&#8211; Assertivit\u00e9 niveaux 1 et 2<br \/>&#8211; Am\u00e9liorer votre communication avec la Process Com\u00ae<br \/>&#8211; D\u00e9veloppez vos qualit\u00e9s de communicateur avec les outils de la PNL \u2013 Niveau 1<br \/>&#8211; Renforcez vos qualit\u00e9s de communicateur avec les outils de la PNL \u2013 Niveau 2<br \/>&#8211; M\u00e9diation professionnelle<br \/>&#8211; Travailler avec la psychologie positive<br \/>&#8211; D\u00e9couvrir et utiliser la d\u00e9marche appr\u00e9ciative<br \/>&#8211; Dynamiser votre prise de parole en public<br \/>&#8211; Renforcer la coh\u00e9sion de votre \u00e9quipe<br \/>&#8211; Apprendre \u00e0 tirer profit des conflits<br \/>&#8211; Faire face \u00e0 l\u2019agressivit\u00e9 et aux incivilit\u00e9s<\/p>\n<p style=\"text-align: left;\">Communication d\u2019entreprise<br \/>&#8211; Concevoir et mettre en \u0153uvre une campagne de communication<br \/>&#8211; \u00c9laborer un plan de communication<br \/>&#8211; G\u00e9rer ses relations presse<br \/>&#8211; R\u00e9ussir ses supports de communication<br \/>&#8211; Organiser et piloter efficacement votre \u00e9v\u00e9nementiel<br \/>&#8211; Am\u00e9liorer l\u2019image de votre entreprise par la communication externe<br \/>&#8211; Donnez un maximum d\u2019efficacit\u00e9 \u00e0 votre communication<br \/>&#8211; Faire de votre culture d\u2019entreprise un atout strat\u00e9gique<\/p>\n<p style=\"text-align: left;\">\n<h2 style=\"text-align: left;\"><strong><a title=\"Comptabilit\u00e9 \u2013 Finances \u2013 Paie\" href=\"http:\/\/altitudefc.com\/site\/comptabilite-finances-paie\/\">4 \u2013 Comptabilit\u00e9 \u2013 Finances -Paie<\/a><\/strong><\/h2>\n<p style=\"text-align: left;\">L\u2019initiation comptable<br \/>&#8211; L\u2019initiation comptable et financi\u00e8re pour non comptable<br \/>&#8211; Ma\u00eetriser les fondamentaux de la comptabilit\u00e9<br \/>&#8211; Ma\u00eetriser les enregistrements comptables et le suivi des comptes Tiers<\/p>\n<p style=\"text-align: left;\">Le perfectionnement comptable<br \/>&#8211; L\u2019\u00e9tablissement de la liasse fiscale<br \/>&#8211; Am\u00e9liorer les \u00e9critures d\u2019inventaire<br \/>&#8211; Bien \u00e9tablir les d\u00e9clarations sociales et fiscales<br \/>&#8211; Les immobilisations corporelles et incorporelles<br \/>&#8211; Nouveau ! S\u2019initier \u00e0 la TVA (Taxe sur la Valeur Ajout\u00e9e) \u2013 Elaborer des d\u00e9clarations CA3 simples fond\u00e9es sur des transactions entre op\u00e9rateurs fran\u00e7ais<br \/>&#8211; Nouveau ! Audit et contr\u00f4le interne : v\u00e9rifier la qualit\u00e9 des processus comptables<br \/>&#8211; Nouveau ! Contr\u00f4le de gestion<\/p>\n<p style=\"text-align: left;\">La paye<br \/>&#8211; Ma\u00eetriser les fondamentaux de la pratique de la paie \u2013 Niveau 1<br \/>&#8211; Approfondir vos comp\u00e9tences de la pratique de la paie \u2013 Niveau 2<\/p>\n<p style=\"text-align: left;\">\n<h2 style=\"text-align: left;\"><strong><a title=\"Hygi\u00e8ne et s\u00e9curit\u00e9\" href=\"http:\/\/altitudefc.com\/site\/hygiene-et-securite-martinique\/\">5 \u2013 Hygi\u00e8ne &amp; S\u00e9curit\u00e9<\/a><\/strong><\/h2>\n<p style=\"text-align: left;\">Hygi\u00e8ne<br \/>&#8211; Adopter les bonnes pratiques de l\u2019hygi\u00e8ne alimentaire<br \/>&#8211; Mettre en \u0153uvre la d\u00e9marche HACCP<br \/>&#8211; Mieux s\u2019alimenter\u00a0: les bases d\u2019une alimentation plus saine<\/p>\n<p style=\"text-align: left;\">S\u00e9curit\u00e9<br \/>&#8211; Devenir Sauveteur Secouriste du Travail (SST)<br \/>&#8211; Maintenir et actualiser ses comp\u00e9tences de Sauveteur Secouriste du Travail<br \/>&#8211; Module compl\u00e9mentaire \u00e0 la pr\u00e9vention des secours civiques de niveau 1 (PSC 1)<br \/>&#8211; Devenir acteur PRAP IBC (Industrie \u2013 BTP \u2013 Commerce)<br \/>&#8211; Maintenir et actualiser ses comp\u00e9tences d\u2019acteur PRAP IBC<br \/>&#8211; \u00c9quipier de 1\u00e8re intervention Incendie (EPI)<br \/>&#8211; Formation \u00e9vacuation<\/p>\n<p style=\"text-align: left;\">\n<h2 style=\"text-align: left;\"><strong><a title=\"Juridique\" href=\"http:\/\/altitudefc.com\/site\/juridique-martinique\/\">6\u2013 Juridique<\/a><\/strong><\/h2>\n<p style=\"text-align: left;\">Les relations sociales<\/p>\n<p style=\"text-align: left;\">&#8211; Droit \u00e0 la d\u00e9connexion<br \/>&#8211; Formation juridique, \u00e9conomique et financi\u00e8re des Membres du CSE \u2013 Entreprises de + de 50 salari\u00e9s- Agr\u00e9ment de la DEETS de la Martinique<br \/>&#8211; Formation des membres du\u00a0CSE &#8211;\u00a0Entreprises de \u2013 de 50 salari\u00e9s<br \/>&#8211; Le r\u00f4le du Pr\u00e9sident du CSE<br \/>&#8211; Formation des membres du CSE en Sant\u00e9, S\u00e9curit\u00e9 et Conditions de Travail (35 heures)<br \/>&#8211; R\u00e9f\u00e9rent CSE : pr\u00e9vention contre le harc\u00e8lement et le sexisme<\/p>\n<p style=\"text-align: left;\">\n<h2 style=\"text-align: left;\"><strong><a title=\"Management\" href=\"http:\/\/altitudefc.com\/site\/management-martinique\/\">7 \u2013 Management<\/a><\/strong><\/h2>\n<p style=\"text-align: left;\">Certification professionnelle de managers\u00a0<br \/>&#8211; Manager une \u00e9quipe de proximit\u00e9<br \/>&#8211; Accompagner et Manager avec les outils du Coach<\/p>\n<p style=\"text-align: left;\">Efficacit\u00e9 personnelle<br \/>&#8211; Gagner en efficacit\u00e9 et en gestion du temps<br \/>&#8211; Gagner en efficacit\u00e9 et en gestion du stress<br \/>&#8211; Mieux communiquer gr\u00e2ce \u00e0 l\u2019enn\u00e9agramme<br \/>&#8211; Pr\u00e9venir et prendre en charge l\u2019\u00e9puisement professionnel<br \/>&#8211; Management transversal<\/p>\n<p style=\"text-align: left;\">&#8211; Nouveau ! Etre le co-pilote de mon responsable<br \/>&#8211; Mener \u00e0 bien la m\u00e9diation en entreprise<br \/>&#8211; Piloter efficacement un projet<br \/>&#8211; Exp\u00e9rimenter par le jeu la gestion d\u2019une petite entreprise<br \/>&#8211; Optimiser son management \u00e0 distance<\/p>\n<p style=\"text-align: left;\">Management d\u2019\u00e9quipe<br \/>&#8211; R\u00e9ussir dans sa mission d\u2019encadrement<br \/>&#8211; Piloter votre activit\u00e9 de manager avec un tableau de bord<br \/>&#8211; Animer des r\u00e9unions efficaces<br \/>&#8211; Animer une r\u00e9union en pr\u00e9sentiel et \u00e0 distance<br \/>&#8211; Mener \u00e0 bien ses entretiens annuels<br \/>&#8211; Am\u00e9liorer la communication avec son \u00e9quipe<\/p>\n<p style=\"text-align: left;\">&#8211; Management interg\u00e9n\u00e9rationnel<\/p>\n<p style=\"text-align: left;\">\n<h2 style=\"text-align: left;\"><strong><a title=\"Qualit\u00e9 et organisation\" href=\"http:\/\/altitudefc.com\/site\/qualite-et-organisation-martinique\/\">8 \u2013 Organisation<\/a><\/strong><\/h2>\n<p style=\"text-align: left;\">M\u00e9thodes d\u2019organisation<br \/>&#8211; Exp\u00e9rimenter la m\u00e9thode des 5 S<br \/>&#8211; Concevoir et mettre en \u0153uvre des proc\u00e9dures claires<br \/>&#8211; Manager par les processus\u00a0: m\u00e9thode, outils et diagnostic<\/p>\n<p style=\"text-align: left;\">\n<h2 style=\"text-align: left;\"><strong><a title=\"Recouvrement\" href=\"http:\/\/altitudefc.com\/site\/recouvrement-martinique\/\">9 \u2013 Recouvrement<\/a><\/strong><\/h2>\n<p style=\"text-align: left;\">&#8211; Optimiser la gestion du risque clients<br \/>&#8211; Les proc\u00e9dures de relances amiables et contentieuses<br \/>&#8211; Impliquer les commerciaux dans le recouvrement<br \/>&#8211; Choisir et mettre en \u0153uvre une d\u00e9marche de recouvrement<br \/>&#8211; Conna\u00eetre les proc\u00e9dures collectives\u00a0: redressement et liquidation judiciaire<\/p>\n<p style=\"text-align: left;\">\n<h2 style=\"text-align: left;\"><strong><a title=\"Ressources humaines\" href=\"http:\/\/altitudefc.com\/site\/ressources-humaines-martinique\/\">10 \u2013 Ressources Humaines<\/a><\/strong><\/h2>\n<p style=\"text-align: left;\">Strat\u00e9gie RH<br \/>&#8211; S\u2019initier \u00e0 la pr\u00e9vention des risques psychosociaux<br \/>&#8211; Le r\u00f4le du manager dans la pr\u00e9vention des risques psychosociaux<br \/>&#8211; Motiver autrement que par l\u2019augmentation de la r\u00e9mun\u00e9ration<\/p>\n<p style=\"text-align: left;\">D\u00e9veloppement des comp\u00e9tences<br \/>&#8211; Manager les seniors et conduire l\u2019entretien de seconde partie de carri\u00e8re<br \/>&#8211; Piloter la formation professionnelle tout au long de la vie<br \/>&#8211; Formation de formateurs<br \/>&#8211; Concevoir, Animer et \u00e9valuer une action de formation (Formation Certifiante, \u00e9ligible au CPF avec notre partenaire)<br \/>&#8211; R\u00e9ussir sa mission tutorale<br \/>&#8211; R\u00e9ussir ses recrutements<br \/>&#8211; R\u00e9ussir vos entretiens d\u2019\u00e9valuation et de d\u00e9veloppement professionnel<br \/>&#8211; R\u00e9ussir ses entretiens professionnels<\/p>\n<h2 style=\"text-align: left;\"><strong><a title=\"Secr\u00e9tariat\" href=\"http:\/\/altitudefc.com\/site\/secretariat\/\">11 \u2013 Secr\u00e9tariat<\/a><\/strong><\/h2>\n<p style=\"text-align: left;\">&#8211; Mieux r\u00e9diger vos \u00e9crits professionnels<\/p>\n<p>[\/et_pb_text][\/et_pb_column][\/et_pb_row][\/et_pb_section]<\/p>\n","protected":false},"excerpt":{"rendered":"<p>1-\u00a0Action commerciale &amp; Relation client Fonction commerciale- R\u00e9ussir dans vos fonctions commerciales- Poss\u00e9der et ma\u00eetriser les techniques de vente et de n\u00e9gociation commerciale Strat\u00e9gie commerciale- Dynamiser votre d\u00e9marche commerciale\u00a0(modules th\u00e9orique &amp; pratique) Relation client- Conduire vos enqu\u00eates de satisfaction clients- Soigner le contact client- Dis-moi comment tu accueilles\u2026- L\u2019art de bien communiquer par t\u00e9l\u00e9phone- Prospecter [&hellip;]<\/p>\n","protected":false},"author":1,"featured_media":0,"parent":0,"menu_order":0,"comment_status":"closed","ping_status":"closed","template":"","meta":{"_et_pb_use_builder":"on","_et_pb_old_content":"","_et_gb_content_width":"","footnotes":""},"class_list":["post-342","page","type-page","status-publish","hentry"],"_links":{"self":[{"href":"https:\/\/altitudefc.com\/index.php\/wp-json\/wp\/v2\/pages\/342","targetHints":{"allow":["GET"]}}],"collection":[{"href":"https:\/\/altitudefc.com\/index.php\/wp-json\/wp\/v2\/pages"}],"about":[{"href":"https:\/\/altitudefc.com\/index.php\/wp-json\/wp\/v2\/types\/page"}],"author":[{"embeddable":true,"href":"https:\/\/altitudefc.com\/index.php\/wp-json\/wp\/v2\/users\/1"}],"replies":[{"embeddable":true,"href":"https:\/\/altitudefc.com\/index.php\/wp-json\/wp\/v2\/comments?post=342"}],"version-history":[{"count":7,"href":"https:\/\/altitudefc.com\/index.php\/wp-json\/wp\/v2\/pages\/342\/revisions"}],"predecessor-version":[{"id":1172,"href":"https:\/\/altitudefc.com\/index.php\/wp-json\/wp\/v2\/pages\/342\/revisions\/1172"}],"wp:attachment":[{"href":"https:\/\/altitudefc.com\/index.php\/wp-json\/wp\/v2\/media?parent=342"}],"curies":[{"name":"wp","href":"https:\/\/api.w.org\/{rel}","templated":true}]}}