{"id":1476,"date":"2026-04-28T14:17:10","date_gmt":"2026-04-28T14:17:10","guid":{"rendered":"https:\/\/altitudefc.com\/?page_id=1476"},"modified":"2026-04-28T14:45:04","modified_gmt":"2026-04-28T14:45:04","slug":"accompagnement-team-building","status":"publish","type":"page","link":"https:\/\/altitudefc.com\/index.php\/accompagnement-team-building\/","title":{"rendered":"Le Team Building"},"content":{"rendered":"<p>[et_pb_section fb_built=\u00a0\u00bb1&Prime; _builder_version=\u00a0\u00bb4.27.4&Prime; _module_preset=\u00a0\u00bbdefault\u00a0\u00bb global_colors_info=\u00a0\u00bb{}\u00a0\u00bb][et_pb_row _builder_version=\u00a0\u00bb4.27.4&Prime; _module_preset=\u00a0\u00bbdefault\u00a0\u00bb global_colors_info=\u00a0\u00bb{}\u00a0\u00bb][et_pb_column type=\u00a0\u00bb4_4&Prime; _builder_version=\u00a0\u00bb4.27.4&Prime; _module_preset=\u00a0\u00bbdefault\u00a0\u00bb global_colors_info=\u00a0\u00bb{}\u00a0\u00bb][et_pb_text _builder_version=\u00a0\u00bb4.27.4&Prime; _module_preset=\u00a0\u00bbdefault\u00a0\u00bb hover_enabled=\u00a0\u00bb0&Prime; global_colors_info=\u00a0\u00bb{}\u00a0\u00bb sticky_enabled=\u00a0\u00bb0&Prime; background_color=\u00a0\u00bb#DDFFBD\u00a0\u00bb]<\/p>\n<h1 style=\"text-align: center;\"><strong>Le Team Building<\/strong><\/h1>\n<p><strong><img loading=\"lazy\" decoding=\"async\" src=\"https:\/\/altitudefc.com\/wp-content\/uploads\/2026\/04\/Team-building-1024x683.jpg\" width=\"452\" height=\"302\" alt=\"\" class=\"wp-image-1494 alignnone size-large\" style=\"display: block; margin-left: auto; margin-right: auto;\" \/><\/strong><\/p>\n<p>&nbsp;<\/p>\n<p>[\/et_pb_text][et_pb_accordion _builder_version=\u00a0\u00bb4.27.4&Prime; _module_preset=\u00a0\u00bbdefault\u00a0\u00bb global_colors_info=\u00a0\u00bb{}\u00a0\u00bb][et_pb_accordion_item title=\u00a0\u00bbTeam building\u00a0\u00bb open=\u00a0\u00bbon\u00a0\u00bb _builder_version=\u00a0\u00bb4.27.4&Prime; _module_preset=\u00a0\u00bbdefault\u00a0\u00bb global_colors_info=\u00a0\u00bb{}\u00a0\u00bb]<\/p>\n<p>Le Team building consiste \u00e0 accompagner une \u00e9quipe afin qu\u2019elle parvienne \u00e0 travailler en synergie autour d\u2019un objectif commun ou\/et une vision partag\u00e9e.<br \/>Le but de l\u2019accompagnement est :<\/p>\n<ul class=\"list2\">\n<li>d\u2019amener l\u2019\u00e9quipe \u00e0 prendre conscience de sa fa\u00e7on de fonctionner et de lui permettre de mettre en place des changements plus adapt\u00e9s \u00e0 l\u2019atteinte de ses objectifs.<\/li>\n<li>de cr\u00e9er les conditions favorables \u00e0 l\u2019\u00e9mergence de nouvelles solutions, qui vont permettre d\u2019augmenter la performance collective.<\/li>\n<\/ul>\n<p><span>Le r\u00e9sultat op\u00e9rationnel final de l\u2019ensemble devra largement d\u00e9passer le potentiel de la somme de ses membres.<\/span><br \/><span>Le coach d\u2019\u00e9quipe se positionne alors en r\u00e9gulateur de l\u2019\u00e9quipe et animateur du processus.<\/span><br \/><span>En g\u00e9n\u00e9ral un coaching d\u2019\u00e9quipe dure de 3 mois \u00e0 9 mois et se fait en r\u00e9union ou\/et s\u00e9minaire selon une fr\u00e9quence adapt\u00e9e aux besoins de l\u2019\u00e9quipe ou de l\u2019organisation.<\/span><\/p>\n<p>[\/et_pb_accordion_item][\/et_pb_accordion][\/et_pb_column][\/et_pb_row][et_pb_row column_structure=\u00a0\u00bb3_4,1_4&Prime; _builder_version=\u00a0\u00bb4.27.4&Prime; _module_preset=\u00a0\u00bbdefault\u00a0\u00bb custom_padding=\u00a0\u00bb12px|17px|12px|17px|true|true\u00a0\u00bb border_width_all=\u00a0\u00bb1px\u00a0\u00bb border_color_all=\u00a0\u00bbrgba(0,0,0,0.12)\u00a0\u00bb collapsed=\u00a0\u00bbon\u00a0\u00bb global_colors_info=\u00a0\u00bb{}\u00a0\u00bb][et_pb_column type=\u00a0\u00bb3_4&Prime; _builder_version=\u00a0\u00bb4.27.4&Prime; _module_preset=\u00a0\u00bbdefault\u00a0\u00bb global_colors_info=\u00a0\u00bb{}\u00a0\u00bb][et_pb_text _builder_version=\u00a0\u00bb4.27.4&Prime; _module_preset=\u00a0\u00bbdefault\u00a0\u00bb custom_padding=\u00a0\u00bb15px||||false|false\u00a0\u00bb global_colors_info=\u00a0\u00bb{}\u00a0\u00bb]<\/p>\n<h3 style=\"text-align: center;\"><strong>Vous souhaitez en savoir plus sur cette offre de service ?<\/strong><\/h3>\n<h2><\/h2>\n<p>[\/et_pb_text][\/et_pb_column][et_pb_column type=\u00a0\u00bb1_4&Prime; _builder_version=\u00a0\u00bb4.27.4&Prime; _module_preset=\u00a0\u00bbdefault\u00a0\u00bb global_colors_info=\u00a0\u00bb{}\u00a0\u00bb][et_pb_button button_url=\u00a0\u00bbhttps:\/\/altitudefc.com\/index.php\/contact\u00a0\u00bb button_text=\u00a0\u00bbCONTACTEZ-NOUS\u00a0\u00bb button_alignment=\u00a0\u00bbcenter\u00a0\u00bb _builder_version=\u00a0\u00bb4.27.4&Prime; _module_preset=\u00a0\u00bbdefault\u00a0\u00bb custom_button=\u00a0\u00bbon\u00a0\u00bb button_text_size=\u00a0\u00bb17px\u00a0\u00bb button_text_color=\u00a0\u00bb#FFFFFF\u00a0\u00bb button_bg_color=\u00a0\u00bb#b51dd3&Prime; button_border_radius=\u00a0\u00bb13px\u00a0\u00bb custom_margin=\u00a0\u00bb14px||||false|false\u00a0\u00bb global_colors_info=\u00a0\u00bb{}\u00a0\u00bb][\/et_pb_button][\/et_pb_column][\/et_pb_row][\/et_pb_section]<\/p>\n","protected":false},"excerpt":{"rendered":"<p>Le Team Building &nbsp;Le Team building consiste \u00e0 accompagner une \u00e9quipe afin qu\u2019elle parvienne \u00e0 travailler en synergie autour d\u2019un objectif commun ou\/et une vision partag\u00e9e.Le but de l\u2019accompagnement est : d\u2019amener l\u2019\u00e9quipe \u00e0 prendre conscience de sa fa\u00e7on de fonctionner et de lui permettre de mettre en place des changements plus adapt\u00e9s \u00e0 l\u2019atteinte [&hellip;]<\/p>\n","protected":false},"author":1,"featured_media":0,"parent":0,"menu_order":0,"comment_status":"closed","ping_status":"closed","template":"","meta":{"_et_pb_use_builder":"on","_et_pb_old_content":"","_et_gb_content_width":"","footnotes":""},"class_list":["post-1476","page","type-page","status-publish","hentry"],"_links":{"self":[{"href":"https:\/\/altitudefc.com\/index.php\/wp-json\/wp\/v2\/pages\/1476","targetHints":{"allow":["GET"]}}],"collection":[{"href":"https:\/\/altitudefc.com\/index.php\/wp-json\/wp\/v2\/pages"}],"about":[{"href":"https:\/\/altitudefc.com\/index.php\/wp-json\/wp\/v2\/types\/page"}],"author":[{"embeddable":true,"href":"https:\/\/altitudefc.com\/index.php\/wp-json\/wp\/v2\/users\/1"}],"replies":[{"embeddable":true,"href":"https:\/\/altitudefc.com\/index.php\/wp-json\/wp\/v2\/comments?post=1476"}],"version-history":[{"count":6,"href":"https:\/\/altitudefc.com\/index.php\/wp-json\/wp\/v2\/pages\/1476\/revisions"}],"predecessor-version":[{"id":1566,"href":"https:\/\/altitudefc.com\/index.php\/wp-json\/wp\/v2\/pages\/1476\/revisions\/1566"}],"wp:attachment":[{"href":"https:\/\/altitudefc.com\/index.php\/wp-json\/wp\/v2\/media?parent=1476"}],"curies":[{"name":"wp","href":"https:\/\/api.w.org\/{rel}","templated":true}]}}