{"id":1473,"date":"2026-04-28T14:16:36","date_gmt":"2026-04-28T14:16:36","guid":{"rendered":"https:\/\/altitudefc.com\/?page_id=1473"},"modified":"2026-04-28T14:51:58","modified_gmt":"2026-04-28T14:51:58","slug":"accompagnement-evaluation-psychologique","status":"publish","type":"page","link":"https:\/\/altitudefc.com\/index.php\/accompagnement-evaluation-psychologique\/","title":{"rendered":"L&rsquo; \u00e9valuation psychologique"},"content":{"rendered":"<p>[et_pb_section fb_built=\u00a0\u00bb1&Prime; _builder_version=\u00a0\u00bb4.27.4&Prime; _module_preset=\u00a0\u00bbdefault\u00a0\u00bb global_colors_info=\u00a0\u00bb{}\u00a0\u00bb][et_pb_row _builder_version=\u00a0\u00bb4.27.4&Prime; _module_preset=\u00a0\u00bbdefault\u00a0\u00bb global_colors_info=\u00a0\u00bb{}\u00a0\u00bb][et_pb_column type=\u00a0\u00bb4_4&Prime; _builder_version=\u00a0\u00bb4.27.4&Prime; _module_preset=\u00a0\u00bbdefault\u00a0\u00bb global_colors_info=\u00a0\u00bb{}\u00a0\u00bb][et_pb_text _builder_version=\u00a0\u00bb4.27.4&Prime; _module_preset=\u00a0\u00bbdefault\u00a0\u00bb hover_enabled=\u00a0\u00bb0&Prime; global_colors_info=\u00a0\u00bb{}\u00a0\u00bb background_color=\u00a0\u00bb#DDFFBD\u00a0\u00bb sticky_enabled=\u00a0\u00bb0&Prime;]<\/p>\n<h1 style=\"text-align: center;\"><strong>L&rsquo;\u00c9valuation psychologique<\/strong><\/h1>\n<p><strong><img loading=\"lazy\" decoding=\"async\" src=\"https:\/\/altitudefc.com\/wp-content\/uploads\/2026\/04\/Evaluation-psychologique-1024x684.jpg\" width=\"498\" height=\"333\" alt=\"\" class=\"wp-image-1496 alignnone size-large\" style=\"display: block; margin-left: auto; margin-right: auto;\" \/><\/strong><\/p>\n<p>&nbsp;<\/p>\n<p>[\/et_pb_text][et_pb_accordion _builder_version=\u00a0\u00bb4.27.4&Prime; _module_preset=\u00a0\u00bbdefault\u00a0\u00bb global_colors_info=\u00a0\u00bb{}\u00a0\u00bb][et_pb_accordion_item title=\u00a0\u00bbL&rsquo;\u00e9valuation psychologique\u00a0\u00bb open=\u00a0\u00bbon\u00a0\u00bb _builder_version=\u00a0\u00bb4.27.4&Prime; _module_preset=\u00a0\u00bbdefault\u00a0\u00bb global_colors_info=\u00a0\u00bb{}\u00a0\u00bb]<\/p>\n<p>Altitude avec des consultants sp\u00e9cialis\u00e9s en gestion des ressources humaines et en \u00e9valuation des comp\u00e9tences, lesquels par notre interm\u00e9diaire, peuvent mettre leur expertise au service de vos besoins.<br \/>Menant leurs missions de fa\u00e7on pragmatique en tenant compte de l\u2019\u00e9quation \u00abhomme \/ profil\u00bb, nos intervenants mettront \u00e0 votre service les techniques les plus adapt\u00e9es en mati\u00e8re d\u2019\u00e9valuation des comp\u00e9tences.<br \/>L\u2019\u00e9valuation psychologique pratiqu\u00e9e \u00e0 Altitude, se fait selon le protocole suivant :<\/p>\n<ul class=\"list2\">\n<li>des entretiens avec le demandeur et\/ou le salari\u00e9<\/li>\n<li>la passation de tests<\/li>\n<li>l\u2019analyse des r\u00e9sultats<\/li>\n<li>le rapport d\u2019analyse comprenant les aspects d\u00e9gag\u00e9s ainsi que leur mise en rapport avec les \u00e9l\u00e9ments du contexte<\/li>\n<li>la conclusion ainsi que sa communication \u00e0 la personne examin\u00e9e, au demandeur<\/li>\n<\/ul>\n<p><span>Notre d\u00e9marche d\u2019\u00e9valuation respecte la confidentialit\u00e9 des entretiens et autres r\u00e8gles de d\u00e9ontologie<\/span><\/p>\n<p>[\/et_pb_accordion_item][\/et_pb_accordion][\/et_pb_column][\/et_pb_row][et_pb_row column_structure=\u00a0\u00bb3_4,1_4&Prime; _builder_version=\u00a0\u00bb4.27.4&Prime; _module_preset=\u00a0\u00bbdefault\u00a0\u00bb custom_padding=\u00a0\u00bb12px|17px|12px|17px|true|true\u00a0\u00bb border_width_all=\u00a0\u00bb1px\u00a0\u00bb border_color_all=\u00a0\u00bbrgba(0,0,0,0.12)\u00a0\u00bb collapsed=\u00a0\u00bbon\u00a0\u00bb global_colors_info=\u00a0\u00bb{}\u00a0\u00bb][et_pb_column type=\u00a0\u00bb3_4&Prime; _builder_version=\u00a0\u00bb4.27.4&Prime; _module_preset=\u00a0\u00bbdefault\u00a0\u00bb global_colors_info=\u00a0\u00bb{}\u00a0\u00bb][et_pb_text _builder_version=\u00a0\u00bb4.27.4&Prime; _module_preset=\u00a0\u00bbdefault\u00a0\u00bb custom_padding=\u00a0\u00bb15px||||false|false\u00a0\u00bb global_colors_info=\u00a0\u00bb{}\u00a0\u00bb]<\/p>\n<h3 style=\"text-align: center;\"><strong>Vous souhaitez en savoir plus sur cette offre de service ?<\/strong><\/h3>\n<h2><\/h2>\n<p>[\/et_pb_text][\/et_pb_column][et_pb_column type=\u00a0\u00bb1_4&Prime; _builder_version=\u00a0\u00bb4.27.4&Prime; _module_preset=\u00a0\u00bbdefault\u00a0\u00bb global_colors_info=\u00a0\u00bb{}\u00a0\u00bb][et_pb_button button_url=\u00a0\u00bbhttps:\/\/altitudefc.com\/index.php\/contact\u00a0\u00bb button_text=\u00a0\u00bbCONTACTEZ-NOUS\u00a0\u00bb button_alignment=\u00a0\u00bbcenter\u00a0\u00bb _builder_version=\u00a0\u00bb4.27.4&Prime; _module_preset=\u00a0\u00bbdefault\u00a0\u00bb custom_button=\u00a0\u00bbon\u00a0\u00bb button_text_size=\u00a0\u00bb17px\u00a0\u00bb button_text_color=\u00a0\u00bb#FFFFFF\u00a0\u00bb button_bg_color=\u00a0\u00bb#b51dd3&Prime; button_border_radius=\u00a0\u00bb13px\u00a0\u00bb custom_margin=\u00a0\u00bb14px||||false|false\u00a0\u00bb global_colors_info=\u00a0\u00bb{}\u00a0\u00bb][\/et_pb_button][\/et_pb_column][\/et_pb_row][\/et_pb_section]<\/p>\n","protected":false},"excerpt":{"rendered":"<p>L&rsquo;\u00c9valuation psychologique &nbsp;Altitude avec des consultants sp\u00e9cialis\u00e9s en gestion des ressources humaines et en \u00e9valuation des comp\u00e9tences, lesquels par notre interm\u00e9diaire, peuvent mettre leur expertise au service de vos besoins.Menant leurs missions de fa\u00e7on pragmatique en tenant compte de l\u2019\u00e9quation \u00abhomme \/ profil\u00bb, nos intervenants mettront \u00e0 votre service les techniques les plus adapt\u00e9es en [&hellip;]<\/p>\n","protected":false},"author":1,"featured_media":0,"parent":0,"menu_order":0,"comment_status":"closed","ping_status":"closed","template":"","meta":{"_et_pb_use_builder":"on","_et_pb_old_content":"","_et_gb_content_width":"","footnotes":""},"class_list":["post-1473","page","type-page","status-publish","hentry"],"_links":{"self":[{"href":"https:\/\/altitudefc.com\/index.php\/wp-json\/wp\/v2\/pages\/1473","targetHints":{"allow":["GET"]}}],"collection":[{"href":"https:\/\/altitudefc.com\/index.php\/wp-json\/wp\/v2\/pages"}],"about":[{"href":"https:\/\/altitudefc.com\/index.php\/wp-json\/wp\/v2\/types\/page"}],"author":[{"embeddable":true,"href":"https:\/\/altitudefc.com\/index.php\/wp-json\/wp\/v2\/users\/1"}],"replies":[{"embeddable":true,"href":"https:\/\/altitudefc.com\/index.php\/wp-json\/wp\/v2\/comments?post=1473"}],"version-history":[{"count":6,"href":"https:\/\/altitudefc.com\/index.php\/wp-json\/wp\/v2\/pages\/1473\/revisions"}],"predecessor-version":[{"id":1570,"href":"https:\/\/altitudefc.com\/index.php\/wp-json\/wp\/v2\/pages\/1473\/revisions\/1570"}],"wp:attachment":[{"href":"https:\/\/altitudefc.com\/index.php\/wp-json\/wp\/v2\/media?parent=1473"}],"curies":[{"name":"wp","href":"https:\/\/api.w.org\/{rel}","templated":true}]}}